{"id":55315,"date":"2023-02-12T15:59:13","date_gmt":"2023-02-12T14:59:13","guid":{"rendered":"https:\/\/midjourneyprompts.fr\/?post_type=product&#038;p=55315"},"modified":"2026-04-07T15:25:03","modified_gmt":"2026-04-07T13:25:03","slug":"80-prompts-photos-portrait-midjourney","status":"publish","type":"product","link":"https:\/\/midjourneyprompts.fr\/de\/product\/80-prompts-photos-portrait-midjourney\/","title":{"rendered":"80 Prompts-Fotoportr\u00e4ts f\u00fcr Midjourney"},"content":{"rendered":"<p>Sparen Sie stundenlanges Nachdenken und Recherchieren mit einer Sammlung von 80 einzigartigen promptss, die speziell f\u00fcr die Erstellung fotorealistischer Portr\u00e4tbilder \u00fcber Midjourney entwickelt wurden. Profitieren Sie f\u00fcr nur ein paar Dutzend Euro von einem breiten Spektrum an Fotografien von Menschen aller Art, die Sie je nach Fotostil, Model und gew\u00fcnschter Atmosph\u00e4re ganz nach Ihren W\u00fcnschen anpassen k\u00f6nnen. Jedes prompt wird zusammen mit einem grafischen Beispiel vorgestellt, damit Sie schnell die grafischen Eigenschaften visualisieren k\u00f6nnen, die Sie interessieren k\u00f6nnten, und um Ihnen dabei zu helfen, effizient Ihre ersten Fotomodelle \u00fcber Midjourney zu erstellen!<\/p>","protected":false},"excerpt":{"rendered":"<p><strong>80 prompts<\/strong><\/p>\n<p>Ben\u00f6tigen Sie Portraitfotografie f\u00fcr Ihr Unternehmen? Schauen Sie sich diese Sammlung von 80 fotorealistischen promptss an!<\/p>","protected":false},"featured_media":56232,"comment_status":"open","ping_status":"closed","template":"","meta":{"_et_pb_use_builder":"off","_et_pb_old_content":"Gagnez des heures de r\u00e9flexion et de recherche gr\u00e2ce \u00e0 une collection de 80 prompts uniques et sp\u00e9cifiquement pens\u00e9s pour la g\u00e9n\u00e9ration d'images photor\u00e9alistes de portrait via Midjourney. Pour seulement quelques dizaines d'euros, b\u00e9n\u00e9ficiez d'un large panel de photographies de personnes en tout genre, que vous pourrez d\u00e9cliner \u00e0 votre guise selon le style de photo, le mod\u00e8le et l'ambiance que vous recherchez.\r\n\r\nChaque prompt est pr\u00e9sent\u00e9e au c\u00f4t\u00e9 d'un exemple graphique, pour vous permettre de visualiser rapidement les propri\u00e9t\u00e9s graphiques qui pourraient vous int\u00e9resser et vous aider \u00e0 g\u00e9n\u00e9rer efficacement vos premiers mod\u00e8les photo via Midjourney !","_et_gb_content_width":""},"product_brand":[],"product_cat":[29,30,37,41],"product_tag":[],"class_list":{"0":"post-55315","1":"product","2":"type-product","3":"status-publish","4":"has-post-thumbnail","6":"product_cat-collection","7":"product_cat-online","8":"product_cat-photos","9":"product_cat-premium","11":"first","12":"instock","13":"sale","14":"downloadable","15":"virtual","16":"taxable","17":"purchasable","18":"product-type-simple"},"acf":[],"_links":{"self":[{"href":"https:\/\/midjourneyprompts.fr\/de\/wp-json\/wp\/v2\/product\/55315","targetHints":{"allow":["GET"]}}],"collection":[{"href":"https:\/\/midjourneyprompts.fr\/de\/wp-json\/wp\/v2\/product"}],"about":[{"href":"https:\/\/midjourneyprompts.fr\/de\/wp-json\/wp\/v2\/types\/product"}],"replies":[{"embeddable":true,"href":"https:\/\/midjourneyprompts.fr\/de\/wp-json\/wp\/v2\/comments?post=55315"}],"wp:featuredmedia":[{"embeddable":true,"href":"https:\/\/midjourneyprompts.fr\/de\/wp-json\/wp\/v2\/media\/56232"}],"wp:attachment":[{"href":"https:\/\/midjourneyprompts.fr\/de\/wp-json\/wp\/v2\/media?parent=55315"}],"wp:term":[{"taxonomy":"product_brand","embeddable":true,"href":"https:\/\/midjourneyprompts.fr\/de\/wp-json\/wp\/v2\/product_brand?post=55315"},{"taxonomy":"product_cat","embeddable":true,"href":"https:\/\/midjourneyprompts.fr\/de\/wp-json\/wp\/v2\/product_cat?post=55315"},{"taxonomy":"product_tag","embeddable":true,"href":"https:\/\/midjourneyprompts.fr\/de\/wp-json\/wp\/v2\/product_tag?post=55315"}],"curies":[{"name":"wp","href":"https:\/\/api.w.org\/{rel}","templated":true}]}}