{"id":56995,"date":"2023-04-20T10:13:39","date_gmt":"2023-04-20T08:13:39","guid":{"rendered":"https:\/\/midjourneyprompts.fr\/?post_type=product&#038;p=56995"},"modified":"2026-04-07T15:27:54","modified_gmt":"2026-04-07T13:27:54","slug":"photos-de-plats-de-restaurants","status":"publish","type":"product","link":"https:\/\/midjourneyprompts.fr\/de\/product\/photos-de-plats-de-restaurants\/","title":{"rendered":"Fotos von Lebensmitteln und Gerichten f\u00fcr Restaurants"},"content":{"rendered":"<p>Heben Sie mit diesem prompt Midjourney den Stil der von Ihrem Restaurant angebotenen Gerichte auf Ihrer Website oder einer Lieferanwendung hervor!<br \/>\nCe prompt Midjourney vous aidera \u00e0 g\u00e9n\u00e9rer de magnifiques images r\u00e9alistes de n&rsquo;importe quel style de nourriture<\/p>\n<p><strong>Bestellen Sie dieses prompt und testen Sie es jetzt!<\/strong><\/p>","protected":false},"excerpt":{"rendered":"<p><strong>1 prompt<\/strong><\/p>\n<p>Erstellen Sie erstaunlich realistische Essensfotos, um Ihr Internetrestaurant oder Ihre Essensliefer-App zu pr\u00e4sentieren!<\/p>","protected":false},"featured_media":56996,"comment_status":"open","ping_status":"closed","template":"","meta":{"_et_pb_use_builder":"","_et_pb_old_content":"","_et_gb_content_width":""},"product_brand":[],"product_cat":[30,37,41,33],"product_tag":[],"class_list":{"0":"post-56995","1":"product","2":"type-product","3":"status-publish","4":"has-post-thumbnail","6":"product_cat-online","7":"product_cat-photos","8":"product_cat-premium","9":"product_cat-prompt-unique","11":"first","12":"instock","13":"downloadable","14":"virtual","15":"taxable","16":"purchasable","17":"product-type-simple"},"acf":[],"_links":{"self":[{"href":"https:\/\/midjourneyprompts.fr\/de\/wp-json\/wp\/v2\/product\/56995","targetHints":{"allow":["GET"]}}],"collection":[{"href":"https:\/\/midjourneyprompts.fr\/de\/wp-json\/wp\/v2\/product"}],"about":[{"href":"https:\/\/midjourneyprompts.fr\/de\/wp-json\/wp\/v2\/types\/product"}],"replies":[{"embeddable":true,"href":"https:\/\/midjourneyprompts.fr\/de\/wp-json\/wp\/v2\/comments?post=56995"}],"wp:featuredmedia":[{"embeddable":true,"href":"https:\/\/midjourneyprompts.fr\/de\/wp-json\/wp\/v2\/media\/56996"}],"wp:attachment":[{"href":"https:\/\/midjourneyprompts.fr\/de\/wp-json\/wp\/v2\/media?parent=56995"}],"wp:term":[{"taxonomy":"product_brand","embeddable":true,"href":"https:\/\/midjourneyprompts.fr\/de\/wp-json\/wp\/v2\/product_brand?post=56995"},{"taxonomy":"product_cat","embeddable":true,"href":"https:\/\/midjourneyprompts.fr\/de\/wp-json\/wp\/v2\/product_cat?post=56995"},{"taxonomy":"product_tag","embeddable":true,"href":"https:\/\/midjourneyprompts.fr\/de\/wp-json\/wp\/v2\/product_tag?post=56995"}],"curies":[{"name":"wp","href":"https:\/\/api.w.org\/{rel}","templated":true}]}}