{"id":57561,"date":"2023-05-08T12:27:48","date_gmt":"2023-05-08T10:27:48","guid":{"rendered":"https:\/\/midjourneyprompts.fr\/?post_type=product&#038;p=57561"},"modified":"2025-10-13T11:24:01","modified_gmt":"2025-10-13T09:24:01","slug":"portrait-photo-de-travailleurs-souriant","status":"publish","type":"product","link":"https:\/\/midjourneyprompts.fr\/de\/product\/fotoportrat-lachelnder-arbeiter\/","title":{"rendered":"Portr\u00e4tfoto von l\u00e4chelnden Arbeitern"},"content":{"rendered":"<p>Heben Sie mit diesem prompt Midjourney die Kompetenz Ihres Unternehmens oder die Seriosit\u00e4t Ihrer Mitarbeiter hervor!<br \/>\nMit diesem prompt Midjourney k\u00f6nnen Sie sch\u00f6ne, realistische Bilder von jedem Mitarbeitertyp und f\u00fcr jeden gew\u00fcnschten Job erstellen!<\/p>\n<p><strong>Bestellen Sie dieses prompt und testen Sie es jetzt!<\/strong><\/p>","protected":false},"excerpt":{"rendered":"<p><strong><img decoding=\"async\" class=\"alignnone wp-image-53714\" style=\"margin-bottom: -3px !important;\" src=\"http:\/\/midjourneyprompts.spaceprojets.fr\/wp-content\/uploads\/2023\/02\/Icone-prompts.png\" alt=\"\" width=\"17\" height=\"17\" \/>\u00a0 \u00a01 prompt<\/strong><\/p>\n<p>Erstellen Sie unglaublich realistische Fotos von l\u00e4chelnden Mitarbeitern, um die Seriosit\u00e4t Ihres Unternehmens hervorzuheben, ohne Probleme mit Bildrechten!<\/p>","protected":false},"featured_media":57566,"comment_status":"open","ping_status":"closed","template":"","meta":{"_et_pb_use_builder":"","_et_pb_old_content":"","_et_gb_content_width":""},"product_cat":[30,37,41,33],"product_tag":[],"class_list":["post-57561","product","type-product","status-publish","has-post-thumbnail","hentry","product_cat-online","product_cat-photos","product_cat-premium","product_cat-prompt-unique"],"acf":[],"_links":{"self":[{"href":"https:\/\/midjourneyprompts.fr\/de\/wp-json\/wp\/v2\/product\/57561","targetHints":{"allow":["GET"]}}],"collection":[{"href":"https:\/\/midjourneyprompts.fr\/de\/wp-json\/wp\/v2\/product"}],"about":[{"href":"https:\/\/midjourneyprompts.fr\/de\/wp-json\/wp\/v2\/types\/product"}],"replies":[{"embeddable":true,"href":"https:\/\/midjourneyprompts.fr\/de\/wp-json\/wp\/v2\/comments?post=57561"}],"wp:featuredmedia":[{"embeddable":true,"href":"https:\/\/midjourneyprompts.fr\/de\/wp-json\/wp\/v2\/media\/57566"}],"wp:attachment":[{"href":"https:\/\/midjourneyprompts.fr\/de\/wp-json\/wp\/v2\/media?parent=57561"}],"wp:term":[{"taxonomy":"product_cat","embeddable":true,"href":"https:\/\/midjourneyprompts.fr\/de\/wp-json\/wp\/v2\/product_cat?post=57561"},{"taxonomy":"product_tag","embeddable":true,"href":"https:\/\/midjourneyprompts.fr\/de\/wp-json\/wp\/v2\/product_tag?post=57561"}],"curies":[{"name":"wp","href":"https:\/\/api.w.org\/{rel}","templated":true}]}}