{"id":57639,"date":"2023-05-09T15:06:42","date_gmt":"2023-05-09T13:06:42","guid":{"rendered":"https:\/\/midjourneyprompts.fr\/?post_type=product&#038;p=57639"},"modified":"2025-11-10T19:37:54","modified_gmt":"2025-11-10T18:37:54","slug":"3d-renders-for-any-kind-of-clothes","status":"publish","type":"product","link":"https:\/\/midjourneyprompts.fr\/de\/product\/3d-renderings-fur-jede-art-von-kleidung\/","title":{"rendered":"3D-Renderings f\u00fcr jede Art von Kleidung"},"content":{"rendered":"<p>Erstellen Sie mit diesem prompt Midjourney atemberaubend realistische 3D-Renderings!<br \/>\nErstellen Sie Dutzende von Designs in Minuten und sparen Sie viele Stunden an Produktdesign- und Grafikdesignarbeit!<\/p>\n<p><strong>Bestellen Sie dieses prompt und testen Sie es jetzt!<\/strong><\/p>","protected":false},"excerpt":{"rendered":"<p><strong><img decoding=\"async\" class=\"alignnone wp-image-53714\" style=\"margin-bottom: -3px !important;\" src=\"http:\/\/midjourneyprompts.spaceprojets.fr\/wp-content\/uploads\/2023\/02\/Icone-prompts.png\" alt=\"\" width=\"17\" height=\"17\" \/>\u00a0 \u00a01 prompt<\/strong><\/p>\n<p>Erstellen Sie wundersch\u00f6ne 3D-Renderings f\u00fcr die Art von Kleidung, die Sie m\u00f6chten, generieren Sie schnell viele Designideen und sparen Sie Stunden Arbeit!<\/p>","protected":false},"featured_media":57641,"comment_status":"open","ping_status":"closed","template":"","meta":{"_et_pb_use_builder":"","_et_pb_old_content":"","_et_gb_content_width":""},"product_cat":[30,37,41,33],"product_tag":[],"class_list":["post-57639","product","type-product","status-publish","has-post-thumbnail","hentry","product_cat-online","product_cat-photos","product_cat-premium","product_cat-prompt-unique"],"acf":[],"_links":{"self":[{"href":"https:\/\/midjourneyprompts.fr\/de\/wp-json\/wp\/v2\/product\/57639","targetHints":{"allow":["GET"]}}],"collection":[{"href":"https:\/\/midjourneyprompts.fr\/de\/wp-json\/wp\/v2\/product"}],"about":[{"href":"https:\/\/midjourneyprompts.fr\/de\/wp-json\/wp\/v2\/types\/product"}],"replies":[{"embeddable":true,"href":"https:\/\/midjourneyprompts.fr\/de\/wp-json\/wp\/v2\/comments?post=57639"}],"wp:featuredmedia":[{"embeddable":true,"href":"https:\/\/midjourneyprompts.fr\/de\/wp-json\/wp\/v2\/media\/57641"}],"wp:attachment":[{"href":"https:\/\/midjourneyprompts.fr\/de\/wp-json\/wp\/v2\/media?parent=57639"}],"wp:term":[{"taxonomy":"product_cat","embeddable":true,"href":"https:\/\/midjourneyprompts.fr\/de\/wp-json\/wp\/v2\/product_cat?post=57639"},{"taxonomy":"product_tag","embeddable":true,"href":"https:\/\/midjourneyprompts.fr\/de\/wp-json\/wp\/v2\/product_tag?post=57639"}],"curies":[{"name":"wp","href":"https:\/\/api.w.org\/{rel}","templated":true}]}}