{"id":55710,"date":"2023-04-14T16:19:15","date_gmt":"2023-04-14T14:19:15","guid":{"rendered":"https:\/\/midjourneyprompts.fr\/?post_type=product&#038;p=55710"},"modified":"2026-04-07T15:25:22","modified_gmt":"2026-04-07T13:25:22","slug":"80-prompts-illustrations-midjourney","status":"publish","type":"product","link":"https:\/\/midjourneyprompts.fr\/en\/product\/80-prompts-illustrations-midjourney\/","title":{"rendered":"80 Illustration Prompts for Midjourney"},"content":{"rendered":"<p>Gagnez des heures de r\u00e9flexion et de recherche gr\u00e2ce \u00e0 une collection de 80 prompts uniques et sp\u00e9cifiquement pens\u00e9s pour la g\u00e9n\u00e9ration d&rsquo;illustrations via Midjourney. Pour seulement quelques dizaines d&rsquo;euros, b\u00e9n\u00e9ficiez d&rsquo;un large panel d&rsquo;illustrations en tout genre, que vous pourrez d\u00e9cliner \u00e0 votre guise selon le style d&rsquo;illustration Midjourney recherch\u00e9e.<\/p>\n<p>Chaque prompt est pr\u00e9sent\u00e9e au c\u00f4t\u00e9 d&rsquo;un exemple graphique, pour vous permettre de visualiser rapidement les propri\u00e9t\u00e9s graphiques qui pourraient vous int\u00e9resser et vous aider \u00e0 g\u00e9n\u00e9rer efficacement vos premi\u00e8res illustrations via Midjourney !<\/p>","protected":false},"excerpt":{"rendered":"<p><strong>80 prompts<\/strong><\/p>\n<p>Do you need illustrations? Discover this collection of 80 prompts illustrations for Midjourney!<\/p>","protected":false},"featured_media":56527,"comment_status":"open","ping_status":"closed","template":"","meta":{"_et_pb_use_builder":"off","_et_pb_old_content":"Gagnez des heures de r\u00e9flexion et de recherche gr\u00e2ce \u00e0 une collection de 80 prompts uniques et sp\u00e9cifiquement pens\u00e9s pour la g\u00e9n\u00e9ration d'images photor\u00e9alistes de portrait via Midjourney. Pour seulement quelques dizaines d'euros, b\u00e9n\u00e9ficiez d'un large panel de photographies de personnes en tout genre, que vous pourrez d\u00e9cliner \u00e0 votre guise selon le style de photo, le mod\u00e8le et l'ambiance que vous recherchez.\r\n\r\nChaque prompt est pr\u00e9sent\u00e9e au c\u00f4t\u00e9 d'un exemple graphique, pour vous permettre de visualiser rapidement les propri\u00e9t\u00e9s graphiques qui pourraient vous int\u00e9resser et vous aider \u00e0 g\u00e9n\u00e9rer efficacement vos premiers logos via Midjourney !","_et_gb_content_width":""},"product_brand":[],"product_cat":[29,38,30,41],"product_tag":[],"class_list":{"0":"post-55710","1":"product","2":"type-product","3":"status-publish","4":"has-post-thumbnail","6":"product_cat-collection","7":"product_cat-illustrations","8":"product_cat-online","9":"product_cat-premium","11":"first","12":"instock","13":"sale","14":"downloadable","15":"virtual","16":"taxable","17":"purchasable","18":"product-type-simple"},"acf":[],"_links":{"self":[{"href":"https:\/\/midjourneyprompts.fr\/en\/wp-json\/wp\/v2\/product\/55710","targetHints":{"allow":["GET"]}}],"collection":[{"href":"https:\/\/midjourneyprompts.fr\/en\/wp-json\/wp\/v2\/product"}],"about":[{"href":"https:\/\/midjourneyprompts.fr\/en\/wp-json\/wp\/v2\/types\/product"}],"replies":[{"embeddable":true,"href":"https:\/\/midjourneyprompts.fr\/en\/wp-json\/wp\/v2\/comments?post=55710"}],"wp:featuredmedia":[{"embeddable":true,"href":"https:\/\/midjourneyprompts.fr\/en\/wp-json\/wp\/v2\/media\/56527"}],"wp:attachment":[{"href":"https:\/\/midjourneyprompts.fr\/en\/wp-json\/wp\/v2\/media?parent=55710"}],"wp:term":[{"taxonomy":"product_brand","embeddable":true,"href":"https:\/\/midjourneyprompts.fr\/en\/wp-json\/wp\/v2\/product_brand?post=55710"},{"taxonomy":"product_cat","embeddable":true,"href":"https:\/\/midjourneyprompts.fr\/en\/wp-json\/wp\/v2\/product_cat?post=55710"},{"taxonomy":"product_tag","embeddable":true,"href":"https:\/\/midjourneyprompts.fr\/en\/wp-json\/wp\/v2\/product_tag?post=55710"}],"curies":[{"name":"wp","href":"https:\/\/api.w.org\/{rel}","templated":true}]}}