{"id":56877,"date":"2023-04-19T17:14:36","date_gmt":"2023-04-19T15:14:36","guid":{"rendered":"https:\/\/midjourneyprompts.fr\/?post_type=product&#038;p=56877"},"modified":"2026-04-07T15:27:25","modified_gmt":"2026-04-07T13:27:25","slug":"illustrations-2d-vectorielles-complexes","status":"publish","type":"product","link":"https:\/\/midjourneyprompts.fr\/en\/product\/illustrations-2d-vectorielles-complexes\/","title":{"rendered":"Intricate vector 2D illustrations"},"content":{"rendered":"<p>Mettez en valeur vos services et produits \u00e0 l&rsquo;aide d&rsquo;incroyables illustrations 2D vectorielles gr\u00e2ce \u00e0 ce prompt !<br \/>\nCe prompt Midjourney vous aidera \u00e0 g\u00e9n\u00e9rer de beaux rendus dans un style qui pourrait se rapprocher d&rsquo;une image vectorielle r\u00e9alis\u00e9e sous Illustrator, le prompt est con\u00e7u de sorte \u00e0 g\u00e9n\u00e9rer uniquement des illustration sur fond blanc. Ce qui vous en facilitera le d\u00e9tourage si n\u00e9cessaire.<\/p>\n<p><strong>Order this prompt and test it now!<\/strong><\/p>","protected":false},"excerpt":{"rendered":"<p><strong>1 prompt<\/strong><\/p>\n<p>Generate beautiful colorful 2D illustrations in a vector style thanks to this prompt and the Midjourney algorithm, perfect for a com agency!<\/p>","protected":false},"featured_media":56979,"comment_status":"open","ping_status":"closed","template":"","meta":{"_et_pb_use_builder":"","_et_pb_old_content":"","_et_gb_content_width":""},"product_brand":[],"product_cat":[38,30,41,33],"product_tag":[],"class_list":{"0":"post-56877","1":"product","2":"type-product","3":"status-publish","4":"has-post-thumbnail","6":"product_cat-illustrations","7":"product_cat-online","8":"product_cat-premium","9":"product_cat-prompt-unique","11":"first","12":"instock","13":"downloadable","14":"virtual","15":"taxable","16":"purchasable","17":"product-type-simple"},"acf":[],"_links":{"self":[{"href":"https:\/\/midjourneyprompts.fr\/en\/wp-json\/wp\/v2\/product\/56877","targetHints":{"allow":["GET"]}}],"collection":[{"href":"https:\/\/midjourneyprompts.fr\/en\/wp-json\/wp\/v2\/product"}],"about":[{"href":"https:\/\/midjourneyprompts.fr\/en\/wp-json\/wp\/v2\/types\/product"}],"replies":[{"embeddable":true,"href":"https:\/\/midjourneyprompts.fr\/en\/wp-json\/wp\/v2\/comments?post=56877"}],"wp:featuredmedia":[{"embeddable":true,"href":"https:\/\/midjourneyprompts.fr\/en\/wp-json\/wp\/v2\/media\/56979"}],"wp:attachment":[{"href":"https:\/\/midjourneyprompts.fr\/en\/wp-json\/wp\/v2\/media?parent=56877"}],"wp:term":[{"taxonomy":"product_brand","embeddable":true,"href":"https:\/\/midjourneyprompts.fr\/en\/wp-json\/wp\/v2\/product_brand?post=56877"},{"taxonomy":"product_cat","embeddable":true,"href":"https:\/\/midjourneyprompts.fr\/en\/wp-json\/wp\/v2\/product_cat?post=56877"},{"taxonomy":"product_tag","embeddable":true,"href":"https:\/\/midjourneyprompts.fr\/en\/wp-json\/wp\/v2\/product_tag?post=56877"}],"curies":[{"name":"wp","href":"https:\/\/api.w.org\/{rel}","templated":true}]}}