{"id":56980,"date":"2023-04-19T22:07:35","date_gmt":"2023-04-19T20:07:35","guid":{"rendered":"https:\/\/midjourneyprompts.fr\/?post_type=product&#038;p=56980"},"modified":"2025-10-13T11:23:56","modified_gmt":"2025-10-13T09:23:56","slug":"illustrations-danimaux-pour-livre-denfant","status":"publish","type":"product","link":"https:\/\/midjourneyprompts.fr\/en\/product\/animal-illustrations-for-kids-book\/","title":{"rendered":"Animal illustrations for children&#039;s books"},"content":{"rendered":"<p>Create superb animal illustrations for your loved ones or your children&#039;s book project with this prompt Midjourney!<br \/>\nThis prompt Midjourney will help you generate beautiful images of animals, in a cute and clean style, the prompt is designed to only generate illustrations on a white background. This will make it easier for you to trim it if necessary.<\/p>\n<p><strong>Order this prompt and test it now!<\/strong><\/p>","protected":false},"excerpt":{"rendered":"<p><strong><img decoding=\"async\" class=\"alignnone wp-image-53714\" style=\"margin-bottom: -3px !important;\" src=\"http:\/\/midjourneyprompts.spaceprojets.fr\/wp-content\/uploads\/2023\/02\/Icone-prompts.png\" alt=\"\" width=\"17\" height=\"17\" \/>\u00a0 \u00a01 prompt<\/strong><\/p>\n<p>Generate beautiful animal illustrations with this prompt and the Midjourney algorithm, perfect for your children&#039;s book projects!<\/p>","protected":false},"featured_media":56987,"comment_status":"open","ping_status":"closed","template":"","meta":{"_et_pb_use_builder":"off","_et_pb_old_content":"Cr\u00e9er de superbe illustration d'animaux pour vos proches ou votre projet de livre pour enfant gr\u00e2ce \u00e0 ce prompt Midjourney !\r\nCe prompt Midjourney vous aidera \u00e0 g\u00e9n\u00e9rer de belle image d'animaux, dans un style mignon et \u00e9pur\u00e9, le prompt est con\u00e7u de sorte \u00e0 g\u00e9n\u00e9rer uniquement des illustration sur fond blanc. Ce qui vous en facilitera le d\u00e9tourage si n\u00e9cessaire.\r\n\r\n<strong>Commandez ce prompt et testez le d\u00e8s maintenant !<\/strong>","_et_gb_content_width":""},"product_cat":[38,30,41,33],"product_tag":[],"class_list":["post-56980","product","type-product","status-publish","has-post-thumbnail","hentry","product_cat-illustrations","product_cat-online","product_cat-premium","product_cat-prompt-unique"],"acf":[],"_links":{"self":[{"href":"https:\/\/midjourneyprompts.fr\/en\/wp-json\/wp\/v2\/product\/56980","targetHints":{"allow":["GET"]}}],"collection":[{"href":"https:\/\/midjourneyprompts.fr\/en\/wp-json\/wp\/v2\/product"}],"about":[{"href":"https:\/\/midjourneyprompts.fr\/en\/wp-json\/wp\/v2\/types\/product"}],"replies":[{"embeddable":true,"href":"https:\/\/midjourneyprompts.fr\/en\/wp-json\/wp\/v2\/comments?post=56980"}],"wp:featuredmedia":[{"embeddable":true,"href":"https:\/\/midjourneyprompts.fr\/en\/wp-json\/wp\/v2\/media\/56987"}],"wp:attachment":[{"href":"https:\/\/midjourneyprompts.fr\/en\/wp-json\/wp\/v2\/media?parent=56980"}],"wp:term":[{"taxonomy":"product_cat","embeddable":true,"href":"https:\/\/midjourneyprompts.fr\/en\/wp-json\/wp\/v2\/product_cat?post=56980"},{"taxonomy":"product_tag","embeddable":true,"href":"https:\/\/midjourneyprompts.fr\/en\/wp-json\/wp\/v2\/product_tag?post=56980"}],"curies":[{"name":"wp","href":"https:\/\/api.w.org\/{rel}","templated":true}]}}