{"id":57107,"date":"2023-04-20T20:26:42","date_gmt":"2023-04-20T18:26:42","guid":{"rendered":"https:\/\/midjourneyprompts.fr\/?post_type=product&#038;p=57107"},"modified":"2026-04-07T15:27:45","modified_gmt":"2026-04-07T13:27:45","slug":"logos-minimalistes-et-modernes","status":"publish","type":"product","link":"https:\/\/midjourneyprompts.fr\/en\/product\/logos-minimalistes-et-modernes\/","title":{"rendered":"Minimalist and modern logos"},"content":{"rendered":"<p>Cr\u00e9ez d&rsquo;incroyables logos pour votre activit\u00e9 ou celle de vos clients gr\u00e2ce \u00e0 ce prompt Midjourney !<br \/>\nThis prompt Midjourney will help you generate beautiful logos for any type of activity, all you need to do is choose your main keyword!<\/p>\n<p><strong>Order this prompt and test it now!<\/strong><\/p>","protected":false},"excerpt":{"rendered":"<p><strong>1 prompt<\/strong><\/p>\n<p>Quickly create amazing logos that are both modern and minimalistic for your next business launch, or for a client project!<\/p>","protected":false},"featured_media":57108,"comment_status":"open","ping_status":"closed","template":"","meta":{"_et_pb_use_builder":"","_et_pb_old_content":"","_et_gb_content_width":""},"product_brand":[],"product_cat":[36,30,41,33],"product_tag":[],"class_list":{"0":"post-57107","1":"product","2":"type-product","3":"status-publish","4":"has-post-thumbnail","6":"product_cat-logos","7":"product_cat-online","8":"product_cat-premium","9":"product_cat-prompt-unique","11":"first","12":"instock","13":"downloadable","14":"virtual","15":"taxable","16":"purchasable","17":"product-type-simple"},"acf":[],"_links":{"self":[{"href":"https:\/\/midjourneyprompts.fr\/en\/wp-json\/wp\/v2\/product\/57107","targetHints":{"allow":["GET"]}}],"collection":[{"href":"https:\/\/midjourneyprompts.fr\/en\/wp-json\/wp\/v2\/product"}],"about":[{"href":"https:\/\/midjourneyprompts.fr\/en\/wp-json\/wp\/v2\/types\/product"}],"replies":[{"embeddable":true,"href":"https:\/\/midjourneyprompts.fr\/en\/wp-json\/wp\/v2\/comments?post=57107"}],"wp:featuredmedia":[{"embeddable":true,"href":"https:\/\/midjourneyprompts.fr\/en\/wp-json\/wp\/v2\/media\/57108"}],"wp:attachment":[{"href":"https:\/\/midjourneyprompts.fr\/en\/wp-json\/wp\/v2\/media?parent=57107"}],"wp:term":[{"taxonomy":"product_brand","embeddable":true,"href":"https:\/\/midjourneyprompts.fr\/en\/wp-json\/wp\/v2\/product_brand?post=57107"},{"taxonomy":"product_cat","embeddable":true,"href":"https:\/\/midjourneyprompts.fr\/en\/wp-json\/wp\/v2\/product_cat?post=57107"},{"taxonomy":"product_tag","embeddable":true,"href":"https:\/\/midjourneyprompts.fr\/en\/wp-json\/wp\/v2\/product_tag?post=57107"}],"curies":[{"name":"wp","href":"https:\/\/api.w.org\/{rel}","templated":true}]}}