{"id":57191,"date":"2023-04-21T12:03:22","date_gmt":"2023-04-21T10:03:22","guid":{"rendered":"https:\/\/midjourneyprompts.fr\/?post_type=product&#038;p=57191"},"modified":"2026-04-07T15:27:49","modified_gmt":"2026-04-07T13:27:49","slug":"photos-cocktails-restaurants","status":"publish","type":"product","link":"https:\/\/midjourneyprompts.fr\/en\/product\/photos-cocktails-restaurants\/","title":{"rendered":"Photos of cocktails for restaurants"},"content":{"rendered":"<p>Highlight the cocktails offered by your restaurant or bar with this prompt Midjourney!<br \/>\nCe prompt Midjourney vous aidera \u00e0 g\u00e9n\u00e9rer de magnifiques images r\u00e9alistes de n&rsquo;importe quel style de cocktail, vous pourrez m\u00eame choisir le style du fond !<\/p>\n<p><strong>Order this prompt and test it now!<\/strong><\/p>","protected":false},"excerpt":{"rendered":"<p><strong>1 prompt<\/strong><\/p>\n<p>Create amazing realistic cocktail photos to showcase your bar or restaurant on the internet!<\/p>","protected":false},"featured_media":57196,"comment_status":"open","ping_status":"closed","template":"","meta":{"_et_pb_use_builder":"","_et_pb_old_content":"","_et_gb_content_width":""},"product_brand":[],"product_cat":[30,37,41,33],"product_tag":[],"class_list":{"0":"post-57191","1":"product","2":"type-product","3":"status-publish","4":"has-post-thumbnail","6":"product_cat-online","7":"product_cat-photos","8":"product_cat-premium","9":"product_cat-prompt-unique","11":"first","12":"instock","13":"downloadable","14":"virtual","15":"taxable","16":"purchasable","17":"product-type-simple"},"acf":[],"_links":{"self":[{"href":"https:\/\/midjourneyprompts.fr\/en\/wp-json\/wp\/v2\/product\/57191","targetHints":{"allow":["GET"]}}],"collection":[{"href":"https:\/\/midjourneyprompts.fr\/en\/wp-json\/wp\/v2\/product"}],"about":[{"href":"https:\/\/midjourneyprompts.fr\/en\/wp-json\/wp\/v2\/types\/product"}],"replies":[{"embeddable":true,"href":"https:\/\/midjourneyprompts.fr\/en\/wp-json\/wp\/v2\/comments?post=57191"}],"wp:featuredmedia":[{"embeddable":true,"href":"https:\/\/midjourneyprompts.fr\/en\/wp-json\/wp\/v2\/media\/57196"}],"wp:attachment":[{"href":"https:\/\/midjourneyprompts.fr\/en\/wp-json\/wp\/v2\/media?parent=57191"}],"wp:term":[{"taxonomy":"product_brand","embeddable":true,"href":"https:\/\/midjourneyprompts.fr\/en\/wp-json\/wp\/v2\/product_brand?post=57191"},{"taxonomy":"product_cat","embeddable":true,"href":"https:\/\/midjourneyprompts.fr\/en\/wp-json\/wp\/v2\/product_cat?post=57191"},{"taxonomy":"product_tag","embeddable":true,"href":"https:\/\/midjourneyprompts.fr\/en\/wp-json\/wp\/v2\/product_tag?post=57191"}],"curies":[{"name":"wp","href":"https:\/\/api.w.org\/{rel}","templated":true}]}}