{"id":57748,"date":"2023-05-16T17:07:48","date_gmt":"2023-05-16T15:07:48","guid":{"rendered":"https:\/\/midjourneyprompts.fr\/?post_type=product&#038;p=57748"},"modified":"2026-04-07T15:27:17","modified_gmt":"2026-04-07T13:27:17","slug":"illustrations-de-travailleur-pour-livre-denfant","status":"publish","type":"product","link":"https:\/\/midjourneyprompts.fr\/en\/product\/illustrations-de-travailleur-pour-livre-denfant\/","title":{"rendered":"Illustration of kid in work clothes"},"content":{"rendered":"<p>Cr\u00e9ez de superbe illustration d&rsquo;enfant en tenue de travail pour vos proches ou votre projet de livre pour enfant gr\u00e2ce \u00e0 ce prompt Midjourney !<br \/>\nThis prompt Midjourney will help you generate beautiful illustrations of little workers, in a cute and clean style, the prompt is designed to only generate illustrations on a white background. This will make it easier for you to trim it if necessary.<\/p>\n<p><strong>Order this prompt and test it now!<\/strong><\/p>","protected":false},"excerpt":{"rendered":"<p><strong>1 prompt<\/strong><\/p>\n<p>Generate beautiful illustrations of children in work clothes thanks to this prompt and the Midjourney algorithm, perfect for your children&#039;s book projects!<\/p>","protected":false},"featured_media":57749,"comment_status":"open","ping_status":"closed","template":"","meta":{"_et_pb_use_builder":"","_et_pb_old_content":"","_et_gb_content_width":""},"product_brand":[],"product_cat":[38,30,41,33],"product_tag":[],"class_list":{"0":"post-57748","1":"product","2":"type-product","3":"status-publish","4":"has-post-thumbnail","6":"product_cat-illustrations","7":"product_cat-online","8":"product_cat-premium","9":"product_cat-prompt-unique","11":"first","12":"instock","13":"downloadable","14":"virtual","15":"taxable","16":"purchasable","17":"product-type-simple"},"acf":[],"_links":{"self":[{"href":"https:\/\/midjourneyprompts.fr\/en\/wp-json\/wp\/v2\/product\/57748","targetHints":{"allow":["GET"]}}],"collection":[{"href":"https:\/\/midjourneyprompts.fr\/en\/wp-json\/wp\/v2\/product"}],"about":[{"href":"https:\/\/midjourneyprompts.fr\/en\/wp-json\/wp\/v2\/types\/product"}],"replies":[{"embeddable":true,"href":"https:\/\/midjourneyprompts.fr\/en\/wp-json\/wp\/v2\/comments?post=57748"}],"wp:featuredmedia":[{"embeddable":true,"href":"https:\/\/midjourneyprompts.fr\/en\/wp-json\/wp\/v2\/media\/57749"}],"wp:attachment":[{"href":"https:\/\/midjourneyprompts.fr\/en\/wp-json\/wp\/v2\/media?parent=57748"}],"wp:term":[{"taxonomy":"product_brand","embeddable":true,"href":"https:\/\/midjourneyprompts.fr\/en\/wp-json\/wp\/v2\/product_brand?post=57748"},{"taxonomy":"product_cat","embeddable":true,"href":"https:\/\/midjourneyprompts.fr\/en\/wp-json\/wp\/v2\/product_cat?post=57748"},{"taxonomy":"product_tag","embeddable":true,"href":"https:\/\/midjourneyprompts.fr\/en\/wp-json\/wp\/v2\/product_tag?post=57748"}],"curies":[{"name":"wp","href":"https:\/\/api.w.org\/{rel}","templated":true}]}}