{"id":57991,"date":"2023-05-21T20:16:33","date_gmt":"2023-05-21T18:16:33","guid":{"rendered":"https:\/\/midjourneyprompts.fr\/?post_type=product&#038;p=57991"},"modified":"2026-04-07T15:25:30","modified_gmt":"2026-04-07T13:25:30","slug":"80-prompts-de-nourriture-pour-midjourney","status":"publish","type":"product","link":"https:\/\/midjourneyprompts.fr\/en\/product\/80-prompts-de-nourriture-pour-midjourney\/","title":{"rendered":"80 Prompts food for Midjourney"},"content":{"rendered":"<p>Gagnez des heures de r\u00e9flexion et de recherche gr\u00e2ce \u00e0 une collection de 80 prompts uniques et sp\u00e9cifiquement pens\u00e9s pour la g\u00e9n\u00e9ration d&rsquo;images de nourritures et de plats avec Midjourney. Pour seulement quelques dizaines d&rsquo;euros, b\u00e9n\u00e9ficiez d&rsquo;un large panel de prompts au rendu photor\u00e9aliste la mise en avant de votre restaurant ou de vos plats sur les applications de livraison de nourriture !<\/p>\n<p>Each prompt is presented alongside a graphic example, to allow you to quickly visualize the graphic properties that might interest you and help you efficiently generate your first photo models via Midjourney!<\/p>","protected":false},"excerpt":{"rendered":"<p><strong>80 prompts<\/strong><\/p>\n<p>Do you need photorealistic renderings for food image generation? Discover this incredible collection of 80 prompts!<\/p>","protected":false},"featured_media":58112,"comment_status":"open","ping_status":"closed","template":"","meta":{"_et_pb_use_builder":"","_et_pb_old_content":"","_et_gb_content_width":""},"product_brand":[],"product_cat":[29,30,37,41],"product_tag":[],"class_list":{"0":"post-57991","1":"product","2":"type-product","3":"status-publish","4":"has-post-thumbnail","6":"product_cat-collection","7":"product_cat-online","8":"product_cat-photos","9":"product_cat-premium","11":"first","12":"instock","13":"sale","14":"taxable","15":"shipping-taxable","16":"purchasable","17":"product-type-simple"},"acf":[],"_links":{"self":[{"href":"https:\/\/midjourneyprompts.fr\/en\/wp-json\/wp\/v2\/product\/57991","targetHints":{"allow":["GET"]}}],"collection":[{"href":"https:\/\/midjourneyprompts.fr\/en\/wp-json\/wp\/v2\/product"}],"about":[{"href":"https:\/\/midjourneyprompts.fr\/en\/wp-json\/wp\/v2\/types\/product"}],"replies":[{"embeddable":true,"href":"https:\/\/midjourneyprompts.fr\/en\/wp-json\/wp\/v2\/comments?post=57991"}],"wp:featuredmedia":[{"embeddable":true,"href":"https:\/\/midjourneyprompts.fr\/en\/wp-json\/wp\/v2\/media\/58112"}],"wp:attachment":[{"href":"https:\/\/midjourneyprompts.fr\/en\/wp-json\/wp\/v2\/media?parent=57991"}],"wp:term":[{"taxonomy":"product_brand","embeddable":true,"href":"https:\/\/midjourneyprompts.fr\/en\/wp-json\/wp\/v2\/product_brand?post=57991"},{"taxonomy":"product_cat","embeddable":true,"href":"https:\/\/midjourneyprompts.fr\/en\/wp-json\/wp\/v2\/product_cat?post=57991"},{"taxonomy":"product_tag","embeddable":true,"href":"https:\/\/midjourneyprompts.fr\/en\/wp-json\/wp\/v2\/product_tag?post=57991"}],"curies":[{"name":"wp","href":"https:\/\/api.w.org\/{rel}","templated":true}]}}