{"id":57561,"date":"2023-05-08T12:27:48","date_gmt":"2023-05-08T10:27:48","guid":{"rendered":"https:\/\/midjourneyprompts.fr\/?post_type=product&#038;p=57561"},"modified":"2025-10-13T11:24:01","modified_gmt":"2025-10-13T09:24:01","slug":"portrait-photo-de-travailleurs-souriant","status":"publish","type":"product","link":"https:\/\/midjourneyprompts.fr\/es\/product\/foto-retrato-de-trabajadores-sonrientes-2\/","title":{"rendered":"Foto de retrato de trabajadores sonrientes"},"content":{"rendered":"<p>\u00a1Resalta las habilidades de tu empresa o la seriedad de tus empleados con este prompt Midjourney!<br \/>\nCe prompt Midjourney vous aidera \u00e0 g\u00e9n\u00e9rer de magnifiques images r\u00e9alistes de n&rsquo;importe quel type d&#8217;employ\u00e9, pour le type de travail de votre choix !<\/p>\n<p><strong>\u00a1Ordene este prompt y pru\u00e9belo ahora!<\/strong><\/p>","protected":false},"excerpt":{"rendered":"<p><strong><img decoding=\"async\" class=\"alignnone wp-image-53714\" style=\"margin-bottom: -3px !important;\" src=\"http:\/\/midjourneyprompts.spaceprojets.fr\/wp-content\/uploads\/2023\/02\/Icone-prompts.png\" alt=\"\" width=\"17\" height=\"17\" \/>\u00a0 \u00a01 prompt<\/strong><\/p>\n<p>Crea incre\u00edbles fotos realistas de empleados sonrientes, para resaltar la seriedad de tu empresa, \u00a1sin problemas de derechos de imagen!<\/p>","protected":false},"featured_media":57566,"comment_status":"open","ping_status":"closed","template":"","meta":{"_et_pb_use_builder":"","_et_pb_old_content":"","_et_gb_content_width":""},"product_cat":[30,37,41,33],"product_tag":[],"class_list":["post-57561","product","type-product","status-publish","has-post-thumbnail","hentry","product_cat-online","product_cat-photos","product_cat-premium","product_cat-prompt-unique"],"acf":[],"_links":{"self":[{"href":"https:\/\/midjourneyprompts.fr\/es\/wp-json\/wp\/v2\/product\/57561","targetHints":{"allow":["GET"]}}],"collection":[{"href":"https:\/\/midjourneyprompts.fr\/es\/wp-json\/wp\/v2\/product"}],"about":[{"href":"https:\/\/midjourneyprompts.fr\/es\/wp-json\/wp\/v2\/types\/product"}],"replies":[{"embeddable":true,"href":"https:\/\/midjourneyprompts.fr\/es\/wp-json\/wp\/v2\/comments?post=57561"}],"wp:featuredmedia":[{"embeddable":true,"href":"https:\/\/midjourneyprompts.fr\/es\/wp-json\/wp\/v2\/media\/57566"}],"wp:attachment":[{"href":"https:\/\/midjourneyprompts.fr\/es\/wp-json\/wp\/v2\/media?parent=57561"}],"wp:term":[{"taxonomy":"product_cat","embeddable":true,"href":"https:\/\/midjourneyprompts.fr\/es\/wp-json\/wp\/v2\/product_cat?post=57561"},{"taxonomy":"product_tag","embeddable":true,"href":"https:\/\/midjourneyprompts.fr\/es\/wp-json\/wp\/v2\/product_tag?post=57561"}],"curies":[{"name":"wp","href":"https:\/\/api.w.org\/{rel}","templated":true}]}}