{"id":58302,"date":"2023-05-31T12:31:43","date_gmt":"2023-05-31T10:31:43","guid":{"rendered":"https:\/\/midjourneyprompts.fr\/?page_id=58302"},"modified":"2023-05-31T13:16:39","modified_gmt":"2023-05-31T11:16:39","slug":"meilleurs-prompts-photos-midjourney","status":"publish","type":"page","link":"https:\/\/midjourneyprompts.fr\/it\/meilleurs-prompts-photos-midjourney\/","title":{"rendered":"Le migliori foto Prompts Midjourney"},"content":{"rendered":"<p>[et_pb_section fb_built=\u00a0\u00bb1&Prime; custom_padding_last_edited=\u00a0\u00bbon|phone\u00a0\u00bb _builder_version=\u00a0\u00bb4.20.4&Prime; _module_preset=\u00a0\u00bbdefault\u00a0\u00bb background_color=\u00a0\u00bb#080B16&Prime; use_background_color_gradient=\u00a0\u00bbon\u00a0\u00bb background_color_gradient_stops=\u00a0\u00bbrgba(8,11,22,0.92) 0%|rgba(8,11,22,0.92) 100%\u00a0\u00bb background_color_gradient_overlays_image=\u00a0\u00bbon\u00a0\u00bb background_image=\u00a0\u00bbhttps:\/\/midjourneyprompts.fr\/wp-content\/uploads\/2023\/04\/Fond-Midjourney-fr.webp\u00a0\u00bb background_size=\u00a0\u00bbcustom\u00a0\u00bb background_image_height=\u00a0\u00bb1100px\u00a0\u00bb background_position=\u00a0\u00bbtop_center\u00a0\u00bb background_repeat=\u00a0\u00bbrepeat\u00a0\u00bb custom_padding=\u00a0\u00bb5vh||3vh||false|false\u00a0\u00bb custom_padding_tablet=\u00a0\u00bb31px||3vh||false|false\u00a0\u00bb custom_padding_phone=\u00a0\u00bb0px||0px||false|false\u00a0\u00bb global_colors_info=\u00a0\u00bb{}\u00a0\u00bb][et_pb_row use_custom_gutter=\u00a0\u00bbon\u00a0\u00bb make_equal=\u00a0\u00bbon\u00a0\u00bb custom_padding_last_edited=\u00a0\u00bbon|phone\u00a0\u00bb _builder_version=\u00a0\u00bb4.20.4&Prime; _module_preset=\u00a0\u00bbdefault\u00a0\u00bb z_index=\u00a0\u00bb1000&Prime; width=\u00a0\u00bb85%\u00a0\u00bb width_tablet=\u00a0\u00bb\u00a0\u00bb width_phone=\u00a0\u00bb85%\u00a0\u00bb width_last_edited=\u00a0\u00bbon|phone\u00a0\u00bb max_width=\u00a0\u00bb1220px\u00a0\u00bb custom_margin=\u00a0\u00bb0px||80px||false|false\u00a0\u00bb custom_margin_tablet=\u00a0\u00bb||75px||false|false\u00a0\u00bb custom_margin_phone=\u00a0\u00bb||75px||false|false\u00a0\u00bb custom_margin_last_edited=\u00a0\u00bbon|desktop\u00a0\u00bb custom_padding=\u00a0\u00bb10px||0px||false|false\u00a0\u00bb custom_padding_tablet=\u00a0\u00bb10px||0px||false|false\u00a0\u00bb custom_padding_phone=\u00a0\u00bb33px||||false|false\u00a0\u00bb global_colors_info=\u00a0\u00bb{}\u00a0\u00bb][et_pb_column type=\u00a0\u00bb4_4&Prime; _builder_version=\u00a0\u00bb4.20.4&Prime; _module_preset=\u00a0\u00bbdefault\u00a0\u00bb global_colors_info=\u00a0\u00bb{}\u00a0\u00bb][et_pb_text _builder_version=\u00a0\u00bb4.20.4&Prime; _module_preset=\u00a0\u00bbdefault\u00a0\u00bb header_font=\u00a0\u00bbPoppins|600|||||||\u00a0\u00bb header_text_align=\u00a0\u00bbcenter\u00a0\u00bb header_text_color=\u00a0\u00bb#FFFFFF\u00a0\u00bb header_font_size=\u00a0\u00bb32px\u00a0\u00bb header_letter_spacing=\u00a0\u00bb0.6px\u00a0\u00bb header_line_height=\u00a0\u00bb1.4em\u00a0\u00bb custom_margin=\u00a0\u00bb||10px||false|false\u00a0\u00bb custom_padding=\u00a0\u00bb25px||||false|false\u00a0\u00bb header_font_size_tablet=\u00a0\u00bb31px\u00a0\u00bb header_font_size_phone=\u00a0\u00bb24px\u00a0\u00bb header_font_size_last_edited=\u00a0\u00bbon|phone\u00a0\u00bb header_letter_spacing_tablet=\u00a0\u00bb0.6px\u00a0\u00bb header_letter_spacing_phone=\u00a0\u00bb0.2px\u00a0\u00bb header_letter_spacing_last_edited=\u00a0\u00bbon|phone\u00a0\u00bb header_line_height_last_edited=\u00a0\u00bboff|tablet\u00a0\u00bb global_colors_info=\u00a0\u00bb{}\u00a0\u00bb]<\/p>\n<h1>Les <span style=\"color: #45b1ff;\">meilleurs<\/span> prompts Photos pour Midjourney<\/h1>\n<p>[\/et_pb_text][et_pb_text _builder_version=\u00a0\u00bb4.20.4&Prime; _module_preset=\u00a0\u00bbdefault\u00a0\u00bb text_font=\u00a0\u00bbPoppins|300|||||||\u00a0\u00bb text_text_color=\u00a0\u00bb#dbdbdb\u00a0\u00bb text_font_size=\u00a0\u00bb16px\u00a0\u00bb text_line_height=\u00a0\u00bb1.6em\u00a0\u00bb text_orientation=\u00a0\u00bbcenter\u00a0\u00bb max_width=\u00a0\u00bb870px\u00a0\u00bb module_alignment=\u00a0\u00bbcenter\u00a0\u00bb custom_margin=\u00a0\u00bb||0px||false|false\u00a0\u00bb text_text_align=\u00a0\u00bbleft\u00a0\u00bb global_colors_info=\u00a0\u00bb{}\u00a0\u00bb]<\/p>\n<p><span>Que vous soyez un prompt designer d\u00e9butant ou exp\u00e9riment\u00e9, d\u00e9couvrez les prompts Midjourney pour la g\u00e9n\u00e9ration d&rsquo;images photor\u00e9alistes ! Chaque prompts photos est peut facilement \u00eatre copi\u00e9 coll\u00e9, puis remodifi\u00e9 \u00e0 l&rsquo;infini selon vos besoins !<\/span><\/p>\n<p><strong>Inspirez vous des prompts photos choisis, et d\u00e9clinez les \u00e0 votre convenance !<\/strong><\/p>\n<p>[\/et_pb_text][\/et_pb_column][\/et_pb_row][et_pb_row use_custom_gutter=\u00a0\u00bbon\u00a0\u00bb gutter_width=\u00a0\u00bb2&Prime; make_equal=\u00a0\u00bbon\u00a0\u00bb custom_padding_last_edited=\u00a0\u00bbon|desktop\u00a0\u00bb module_id=\u00a0\u00bbCols-Filtreproduits\u00a0\u00bb _builder_version=\u00a0\u00bb4.20.4&Prime; _module_preset=\u00a0\u00bbdefault\u00a0\u00bb width=\u00a0\u00bb85%\u00a0\u00bb width_tablet=\u00a0\u00bb\u00a0\u00bb width_phone=\u00a0\u00bb85%\u00a0\u00bb width_last_edited=\u00a0\u00bbon|phone\u00a0\u00bb max_width=\u00a0\u00bb1220px\u00a0\u00bb custom_margin_tablet=\u00a0\u00bb0px||||false|false\u00a0\u00bb custom_margin_phone=\u00a0\u00bb0px||||false|false\u00a0\u00bb custom_margin_last_edited=\u00a0\u00bbon|tablet\u00a0\u00bb custom_padding=\u00a0\u00bb0px||4px||false|false\u00a0\u00bb custom_padding_tablet=\u00a0\u00bb0px||||false|false\u00a0\u00bb custom_padding_phone=\u00a0\u00bb0px||||false|false\u00a0\u00bb global_colors_info=\u00a0\u00bb{}\u00a0\u00bb][et_pb_column type=\u00a0\u00bb4_4&Prime; _builder_version=\u00a0\u00bb4.20.4&Prime; _module_preset=\u00a0\u00bbdefault\u00a0\u00bb global_colors_info=\u00a0\u00bb{}\u00a0\u00bb][et_pb_db_shop_loop cat_loop_style=\u00a0\u00bbon\u00a0\u00bb exclude_cats=\u00a0\u00bbSans cat\u00e9gorie, Uncategorized\u00a0\u00bb onload_cats=\u00a0\u00bbPhotos\u00a0\u00bb animation_color=\u00a0\u00bb#EFF3F2&Prime; loading_bg_color=\u00a0\u00bbrgba(8,11,22,0.78)\u00a0\u00bb posts_number=\u00a0\u00bb12&Prime; columns_number=\u00a0\u00bb4&Prime; show_excerpt=\u00a0\u00bbon\u00a0\u00bb show_add_to_cart=\u00a0\u00bboff\u00a0\u00bb use_overlay=\u00a0\u00bboff\u00a0\u00bb pagination_item_background=\u00a0\u00bbRGBA(255,255,255,0)\u00a0\u00bb pagination_item_background_active=\u00a0\u00bb#FFFFFF\u00a0\u00bb module_id=\u00a0\u00bbListeFormation\u00a0\u00bb _builder_version=\u00a0\u00bb4.20.4&Prime; _module_preset=\u00a0\u00bbdefault\u00a0\u00bb title_font=\u00a0\u00bbPoppins|600|||||||\u00a0\u00bb title_text_color=\u00a0\u00bb#FFFFFF\u00a0\u00bb title_font_size=\u00a0\u00bb20px\u00a0\u00bb title_letter_spacing=\u00a0\u00bb0.2px\u00a0\u00bb title_line_height=\u00a0\u00bb1.4em\u00a0\u00bb price_font=\u00a0\u00bbPoppins|600|||||||\u00a0\u00bb price_text_color=\u00a0\u00bb#FFFFFF\u00a0\u00bb price_font_size=\u00a0\u00bb16px\u00a0\u00bb excerpt_font=\u00a0\u00bbPoppins|300|||||||\u00a0\u00bb excerpt_text_color=\u00a0\u00bb#b2b2b2&Prime; excerpt_letter_spacing=\u00a0\u00bb0.2px\u00a0\u00bb excerpt_line_height=\u00a0\u00bb1.6em\u00a0\u00bb pagination_font_text_color=\u00a0\u00bb#FFFFFF\u00a0\u00bb active_pagination_text_color=\u00a0\u00bb#080b16&Prime; background_color=\u00a0\u00bbRGBA(255,255,255,0)\u00a0\u00bb custom_add_to_cart_button=\u00a0\u00bbon\u00a0\u00bb add_to_cart_button_bg_color=\u00a0\u00bb#0E5A4A\u00a0\u00bb custom_margin=\u00a0\u00bb||0px||false|false\u00a0\u00bb custom_margin_tablet=\u00a0\u00bb-25px||0px||false|false\u00a0\u00bb custom_margin_phone=\u00a0\u00bb-15px||0px||false|false\u00a0\u00bb custom_margin_last_edited=\u00a0\u00bbon|phone\u00a0\u00bb custom_padding=\u00a0\u00bb||0px||false|false\u00a0\u00bb custom_padding_tablet=\u00a0\u00bb||||false|false\u00a0\u00bb custom_padding_phone=\u00a0\u00bb||||false|false\u00a0\u00bb custom_padding_last_edited=\u00a0\u00bbon|tablet\u00a0\u00bb title_font_size_tablet=\u00a0\u00bb23px\u00a0\u00bb title_font_size_phone=\u00a0\u00bb22px\u00a0\u00bb title_font_size_last_edited=\u00a0\u00bbon|tablet\u00a0\u00bb title_line_height_tablet=\u00a0\u00bb1.3em\u00a0\u00bb title_line_height_phone=\u00a0\u00bb1.4em\u00a0\u00bb title_line_height_last_edited=\u00a0\u00bbon|phone\u00a0\u00bb custom_css_title=\u00a0\u00bbmargin-top: 0px;\u00a0\u00bb custom_css_rating=\u00a0\u00bbcolor :#f78b00 !important;\u00a0\u00bb custom_css_excerpt=\u00a0\u00bbmargin-top: 9px;\u00a0\u00bb global_colors_info=\u00a0\u00bb{}\u00a0\u00bb add_to_cart_button_bg_color__hover_enabled=\u00a0\u00bbon|desktop\u00a0\u00bb add_to_cart_button_bg_color__hover=\u00a0\u00bb#0E5A4A\u00a0\u00bb custom_css_title_last_edited=\u00a0\u00bbon|phone\u00a0\u00bb custom_css_title_phone=\u00a0\u00bbmargin-top: 0px;\u00a0\u00bb custom_css_title_tablet=\u00a0\u00bbmargin-top: -16px;\u00a0\u00bb][\/et_pb_db_shop_loop][\/et_pb_column][\/et_pb_row][\/et_pb_section]<\/p>\n","protected":false},"excerpt":{"rendered":"<p>Le migliori foto prompts per Midjourney Che tu sia un principiante o un esperto designer prompt, scopri prompts Midjourney per generare immagini fotorealistiche! Ogni foto prompts pu\u00f2 essere facilmente copiata e incollata, quindi modificata all&#039;infinito in base alle tue esigenze! Lasciati ispirare dalle foto prompts selezionate e adattale a tuo piacimento!<\/p>","protected":false},"author":1,"featured_media":0,"parent":0,"menu_order":0,"comment_status":"closed","ping_status":"closed","template":"","meta":{"_et_pb_use_builder":"on","_et_pb_old_content":"<!-- wp:divi\/placeholder \/-->","_et_gb_content_width":"","footnotes":""},"class_list":["post-58302","page","type-page","status-publish","hentry"],"acf":[],"_links":{"self":[{"href":"https:\/\/midjourneyprompts.fr\/it\/wp-json\/wp\/v2\/pages\/58302","targetHints":{"allow":["GET"]}}],"collection":[{"href":"https:\/\/midjourneyprompts.fr\/it\/wp-json\/wp\/v2\/pages"}],"about":[{"href":"https:\/\/midjourneyprompts.fr\/it\/wp-json\/wp\/v2\/types\/page"}],"author":[{"embeddable":true,"href":"https:\/\/midjourneyprompts.fr\/it\/wp-json\/wp\/v2\/users\/1"}],"replies":[{"embeddable":true,"href":"https:\/\/midjourneyprompts.fr\/it\/wp-json\/wp\/v2\/comments?post=58302"}],"version-history":[{"count":1,"href":"https:\/\/midjourneyprompts.fr\/it\/wp-json\/wp\/v2\/pages\/58302\/revisions"}],"predecessor-version":[{"id":58681,"href":"https:\/\/midjourneyprompts.fr\/it\/wp-json\/wp\/v2\/pages\/58302\/revisions\/58681"}],"wp:attachment":[{"href":"https:\/\/midjourneyprompts.fr\/it\/wp-json\/wp\/v2\/media?parent=58302"}],"curies":[{"name":"wp","href":"https:\/\/api.w.org\/{rel}","templated":true}]}}