{"id":32047,"date":"2022-08-01T13:47:11","date_gmt":"2022-08-01T11:47:11","guid":{"rendered":"https:\/\/midjourneyprompts.fr\/?post_type=product&#038;p=32047"},"modified":"2025-10-13T11:24:01","modified_gmt":"2025-10-13T09:24:01","slug":"80-prompts-logo-midjourney","status":"publish","type":"product","link":"https:\/\/midjourneyprompts.fr\/it\/product\/80-prompts-logo-midjourney\/","title":{"rendered":"80 loghi Prompts per Midjourney"},"content":{"rendered":"<p>Risparmia ore di riflessione e ricerca grazie a una raccolta di 80 prompts unici progettati appositamente per la creazione di logo tramite Midjourney. Per poche decine di euro, beneficia di un&#039;ampia gamma di stili grafici che potrai personalizzare come desideri a seconda del tipo di logo che stai cercando e del campo di attivit\u00e0 mirato. Ogni prompt \u00e8 presentato insieme ad un esempio grafico, per permetterti di visualizzare rapidamente le propriet\u00e0 grafiche che potrebbero interessarti e aiutarti a generare in modo efficiente i tuoi primi loghi tramite Midjourney!<\/p>","protected":false},"excerpt":{"rendered":"<p><strong><img decoding=\"async\" class=\"alignnone wp-image-53714\" style=\"margin-bottom: -3px !important;\" src=\"http:\/\/midjourneyprompts.spaceprojets.fr\/wp-content\/uploads\/2023\/02\/Icone-prompts.png\" alt=\"\" width=\"17\" height=\"17\" \/>\u00a0 \u00a080prompts<\/strong><\/p>\n<p>Una straordinaria raccolta di 80 query per il design del logo tramite Midjourney, suddivise in 12 categorie distinte!<\/p>","protected":false},"featured_media":54578,"comment_status":"open","ping_status":"closed","template":"","meta":{"_et_pb_use_builder":"off","_et_pb_old_content":"Gagnez des heures de r\u00e9flexion et de recherche gr\u00e2ce \u00e0 une collection de 80 prompts uniques et sp\u00e9cifiquement pens\u00e9s pour la cr\u00e9ation de logo via Midjourney. Pour seulement quelques dizaines d'euros, b\u00e9n\u00e9ficiez d'un large panel de style graphique que vous pourrez d\u00e9cliner \u00e0 votre guise selon le type de logo recherch\u00e9, et le domaine d'activit\u00e9 cibl\u00e9.\r\n\r\nChaque prompt est pr\u00e9sent\u00e9e au c\u00f4t\u00e9 d'un exemple graphique, pour vous permettre de visualiser rapidement les propri\u00e9t\u00e9s graphiques qui pourrait vous int\u00e9resser et vous aider \u00e0 g\u00e9n\u00e9rer efficacement vos premiers logos via Midjourney !","_et_gb_content_width":""},"product_cat":[29,36,30,41],"product_tag":[],"class_list":["post-32047","product","type-product","status-publish","has-post-thumbnail","hentry","product_cat-collection","product_cat-logos","product_cat-online","product_cat-premium"],"acf":[],"_links":{"self":[{"href":"https:\/\/midjourneyprompts.fr\/it\/wp-json\/wp\/v2\/product\/32047","targetHints":{"allow":["GET"]}}],"collection":[{"href":"https:\/\/midjourneyprompts.fr\/it\/wp-json\/wp\/v2\/product"}],"about":[{"href":"https:\/\/midjourneyprompts.fr\/it\/wp-json\/wp\/v2\/types\/product"}],"replies":[{"embeddable":true,"href":"https:\/\/midjourneyprompts.fr\/it\/wp-json\/wp\/v2\/comments?post=32047"}],"wp:featuredmedia":[{"embeddable":true,"href":"https:\/\/midjourneyprompts.fr\/it\/wp-json\/wp\/v2\/media\/54578"}],"wp:attachment":[{"href":"https:\/\/midjourneyprompts.fr\/it\/wp-json\/wp\/v2\/media?parent=32047"}],"wp:term":[{"taxonomy":"product_cat","embeddable":true,"href":"https:\/\/midjourneyprompts.fr\/it\/wp-json\/wp\/v2\/product_cat?post=32047"},{"taxonomy":"product_tag","embeddable":true,"href":"https:\/\/midjourneyprompts.fr\/it\/wp-json\/wp\/v2\/product_tag?post=32047"}],"curies":[{"name":"wp","href":"https:\/\/api.w.org\/{rel}","templated":true}]}}