{"id":55710,"date":"2023-04-14T16:19:15","date_gmt":"2023-04-14T14:19:15","guid":{"rendered":"https:\/\/midjourneyprompts.fr\/?post_type=product&#038;p=55710"},"modified":"2025-10-13T11:24:01","modified_gmt":"2025-10-13T09:24:01","slug":"80-prompts-illustrations-midjourney","status":"publish","type":"product","link":"https:\/\/midjourneyprompts.fr\/it\/product\/80-prompts-illustrazioni-midjourney\/","title":{"rendered":"80 Figura Prompts per Midjourney"},"content":{"rendered":"<p>Risparmia ore di riflessione e ricerca con una raccolta di 80 prompts unici progettati specificamente per generare illustrazioni tramite Midjourney. Per poche decine di euro, beneficia di un&#039;ampia gamma di illustrazioni di ogni tipo, che potrai personalizzare come desideri a seconda dello stile di illustrazione Midjourney che stai cercando.<\/p>\n<p>Ogni prompt \u00e8 presentato insieme ad un esempio grafico, per permetterti di visualizzare rapidamente le propriet\u00e0 grafiche che potrebbero interessarti e aiutarti a generare in modo efficiente le tue prime illustrazioni tramite Midjourney!<\/p>","protected":false},"excerpt":{"rendered":"<p><strong><img decoding=\"async\" class=\"alignnone wp-image-53714\" style=\"margin-bottom: -3px !important;\" src=\"http:\/\/midjourneyprompts.spaceprojets.fr\/wp-content\/uploads\/2023\/02\/Icone-prompts.png\" alt=\"\" width=\"17\" height=\"17\" \/>\u00a0 \u00a080prompts<\/strong><\/p>\n<p>Hai bisogno di illustrazioni? Scopri questa raccolta di 80 illustrazioni prompts per Midjourney!<\/p>","protected":false},"featured_media":56527,"comment_status":"open","ping_status":"closed","template":"","meta":{"_et_pb_use_builder":"off","_et_pb_old_content":"Gagnez des heures de r\u00e9flexion et de recherche gr\u00e2ce \u00e0 une collection de 80 prompts uniques et sp\u00e9cifiquement pens\u00e9s pour la g\u00e9n\u00e9ration d'images photor\u00e9alistes de portrait via Midjourney. Pour seulement quelques dizaines d'euros, b\u00e9n\u00e9ficiez d'un large panel de photographies de personnes en tout genre, que vous pourrez d\u00e9cliner \u00e0 votre guise selon le style de photo, le mod\u00e8le et l'ambiance que vous recherchez.\r\n\r\nChaque prompt est pr\u00e9sent\u00e9e au c\u00f4t\u00e9 d'un exemple graphique, pour vous permettre de visualiser rapidement les propri\u00e9t\u00e9s graphiques qui pourraient vous int\u00e9resser et vous aider \u00e0 g\u00e9n\u00e9rer efficacement vos premiers logos via Midjourney !","_et_gb_content_width":""},"product_cat":[29,38,30,41],"product_tag":[],"class_list":["post-55710","product","type-product","status-publish","has-post-thumbnail","hentry","product_cat-collection","product_cat-illustrations","product_cat-online","product_cat-premium"],"acf":[],"_links":{"self":[{"href":"https:\/\/midjourneyprompts.fr\/it\/wp-json\/wp\/v2\/product\/55710","targetHints":{"allow":["GET"]}}],"collection":[{"href":"https:\/\/midjourneyprompts.fr\/it\/wp-json\/wp\/v2\/product"}],"about":[{"href":"https:\/\/midjourneyprompts.fr\/it\/wp-json\/wp\/v2\/types\/product"}],"replies":[{"embeddable":true,"href":"https:\/\/midjourneyprompts.fr\/it\/wp-json\/wp\/v2\/comments?post=55710"}],"wp:featuredmedia":[{"embeddable":true,"href":"https:\/\/midjourneyprompts.fr\/it\/wp-json\/wp\/v2\/media\/56527"}],"wp:attachment":[{"href":"https:\/\/midjourneyprompts.fr\/it\/wp-json\/wp\/v2\/media?parent=55710"}],"wp:term":[{"taxonomy":"product_cat","embeddable":true,"href":"https:\/\/midjourneyprompts.fr\/it\/wp-json\/wp\/v2\/product_cat?post=55710"},{"taxonomy":"product_tag","embeddable":true,"href":"https:\/\/midjourneyprompts.fr\/it\/wp-json\/wp\/v2\/product_tag?post=55710"}],"curies":[{"name":"wp","href":"https:\/\/api.w.org\/{rel}","templated":true}]}}