{"id":57728,"date":"2023-05-16T16:30:10","date_gmt":"2023-05-16T14:30:10","guid":{"rendered":"https:\/\/midjourneyprompts.fr\/?post_type=product&#038;p=57728"},"modified":"2026-04-07T15:28:03","modified_gmt":"2026-04-07T13:28:03","slug":"photos-publicitaires-realistes-de-dessert","status":"publish","type":"product","link":"https:\/\/midjourneyprompts.fr\/ja\/product\/photos-publicitaires-realistes-de-dessert\/","title":{"rendered":"\u30ea\u30a2\u30eb\u306a\u30c7\u30b6\u30fc\u30c8\u306e\u5e83\u544a\u5199\u771f"},"content":{"rendered":"<p>\u3053\u306e prompt Midjourney \u3067\u3001\u30ec\u30b9\u30c8\u30e9\u30f3\u3084\u30d0\u30fc\u304c\u63d0\u4f9b\u3059\u308b\u30c7\u30b6\u30fc\u30c8\u3092\u969b\u7acb\u305f\u305b\u307e\u3057\u3087\u3046\u3002<br \/>\nCe prompt Midjourney vous aidera \u00e0 g\u00e9n\u00e9rer de magnifiques images r\u00e9alistes de n&rsquo;importe quel dessert !<\/p>\n<p><strong>\u3053\u306e prompt \u3092\u6ce8\u6587\u3057\u3066\u3001\u4eca\u3059\u3050\u30c6\u30b9\u30c8\u3057\u3066\u304f\u3060\u3055\u3044\u3002<\/strong><\/p>","protected":false},"excerpt":{"rendered":"<p><strong>1 prompt<\/strong><\/p>\n<p>\u3042\u306a\u305f\u306e\u30a4\u30f3\u30bf\u30fc\u30cd\u30c3\u30c8\u30ec\u30b9\u30c8\u30e9\u30f3\u3084\u30d5\u30fc\u30c9\u30c7\u30ea\u30d0\u30ea\u30fc\u30a2\u30d7\u30ea\u3092\u7d39\u4ecb\u3059\u308b\u305f\u3081\u306b\u3001\u9a5a\u304f\u307b\u3069\u30ea\u30a2\u30eb\u306a\u98df\u3079\u7269\u306e\u5199\u771f\u3092\u4f5c\u6210\u3057\u3066\u304f\u3060\u3055\u3044\uff01<\/p>","protected":false},"featured_media":57729,"comment_status":"open","ping_status":"closed","template":"","meta":{"_et_pb_use_builder":"","_et_pb_old_content":"","_et_gb_content_width":""},"product_brand":[],"product_cat":[40,30,37,33],"product_tag":[],"class_list":{"0":"post-57728","1":"product","2":"type-product","3":"status-publish","4":"has-post-thumbnail","6":"product_cat-gratuit","7":"product_cat-online","8":"product_cat-photos","9":"product_cat-prompt-unique","11":"first","12":"instock","13":"downloadable","14":"virtual","15":"taxable","16":"purchasable","17":"product-type-simple"},"acf":[],"_links":{"self":[{"href":"https:\/\/midjourneyprompts.fr\/ja\/wp-json\/wp\/v2\/product\/57728","targetHints":{"allow":["GET"]}}],"collection":[{"href":"https:\/\/midjourneyprompts.fr\/ja\/wp-json\/wp\/v2\/product"}],"about":[{"href":"https:\/\/midjourneyprompts.fr\/ja\/wp-json\/wp\/v2\/types\/product"}],"replies":[{"embeddable":true,"href":"https:\/\/midjourneyprompts.fr\/ja\/wp-json\/wp\/v2\/comments?post=57728"}],"wp:featuredmedia":[{"embeddable":true,"href":"https:\/\/midjourneyprompts.fr\/ja\/wp-json\/wp\/v2\/media\/57729"}],"wp:attachment":[{"href":"https:\/\/midjourneyprompts.fr\/ja\/wp-json\/wp\/v2\/media?parent=57728"}],"wp:term":[{"taxonomy":"product_brand","embeddable":true,"href":"https:\/\/midjourneyprompts.fr\/ja\/wp-json\/wp\/v2\/product_brand?post=57728"},{"taxonomy":"product_cat","embeddable":true,"href":"https:\/\/midjourneyprompts.fr\/ja\/wp-json\/wp\/v2\/product_cat?post=57728"},{"taxonomy":"product_tag","embeddable":true,"href":"https:\/\/midjourneyprompts.fr\/ja\/wp-json\/wp\/v2\/product_tag?post=57728"}],"curies":[{"name":"wp","href":"https:\/\/api.w.org\/{rel}","templated":true}]}}