{"id":57463,"date":"2023-04-26T14:37:33","date_gmt":"2023-04-26T12:37:33","guid":{"rendered":"https:\/\/midjourneyprompts.fr\/?page_id=57463"},"modified":"2023-05-11T12:25:17","modified_gmt":"2023-05-11T10:25:17","slug":"links","status":"publish","type":"page","link":"https:\/\/midjourneyprompts.fr\/pt\/links\/","title":{"rendered":"links"},"content":{"rendered":"<blockquote class=\"wp-embedded-content\" data-secret=\"FY4gJT39NA\"><p><a href=\"https:\/\/midjourneyprompts.fr\/pt\/produtos\/80-prompts-ilustracoes-midjourney\/\">80 Ilustra\u00e7\u00e3o Prompts para Midjourney<\/a><\/p><\/blockquote>\n<p><iframe class=\"wp-embedded-content\" sandbox=\"allow-scripts\" security=\"restricted\" style=\"position: absolute; clip: rect(1px, 1px, 1px, 1px);\" title=\"&quot;80 ilustra\u00e7\u00e3o Prompts para Midjourney&quot; \u2014 Midjourney Prompts\" src=\"https:\/\/midjourneyprompts.fr\/product\/80-prompts-illustrations-midjourney\/embed\/#?secret=ttvVBmp275#?secret=FY4gJT39NA\" data-secret=\"FY4gJT39NA\" width=\"600\" height=\"338\" frameborder=\"0\" marginwidth=\"0\" marginheight=\"0\" scrolling=\"no\"><\/iframe><\/p>\n<blockquote class=\"wp-embedded-content\" data-secret=\"hz5qi1Ussg\"><p><a href=\"https:\/\/midjourneyprompts.fr\/pt\/produtos\/80-prompts-fotos-retrato-midjourney\/\">80 retratos fotogr\u00e1ficos Prompts para Midjourney<\/a><\/p><\/blockquote>\n<p><iframe class=\"wp-embedded-content\" sandbox=\"allow-scripts\" security=\"restricted\" style=\"position: absolute; clip: rect(1px, 1px, 1px, 1px);\" title=\"\u201c80 retratos fotogr\u00e1ficos Prompts para Midjourney\u201d \u2014 Midjourney Prompts\" src=\"https:\/\/midjourneyprompts.fr\/product\/80-prompts-photos-portrait-midjourney\/embed\/#?secret=8uivAzXcEO#?secret=hz5qi1Ussg\" data-secret=\"hz5qi1Ussg\" width=\"600\" height=\"338\" frameborder=\"0\" marginwidth=\"0\" marginheight=\"0\" scrolling=\"no\"><\/iframe><\/p>\n<blockquote class=\"wp-embedded-content\" data-secret=\"F3aqN4DNtU\"><p><a href=\"https:\/\/midjourneyprompts.fr\/pt\/produtos\/80-prompts-logotipo-midjourney\/\">80 logotipos Prompts para Midjourney<\/a><\/p><\/blockquote>\n<p><iframe class=\"wp-embedded-content\" sandbox=\"allow-scripts\" security=\"restricted\" style=\"position: absolute; clip: rect(1px, 1px, 1px, 1px);\" title=\"\u201c80 logotipos Prompts para Midjourney\u201d \u2014 Midjourney Prompts\" src=\"https:\/\/midjourneyprompts.fr\/product\/80-prompts-logo-midjourney\/embed\/#?secret=4IRviFmmod#?secret=F3aqN4DNtU\" data-secret=\"F3aqN4DNtU\" width=\"600\" height=\"338\" frameborder=\"0\" marginwidth=\"0\" marginheight=\"0\" scrolling=\"no\"><\/iframe><\/p>\n<blockquote class=\"wp-embedded-content\" data-secret=\"EtUGY58YJ8\"><p><a href=\"https:\/\/midjourneyprompts.fr\/pt\/produtos\/design-de-camiseta-estilo-cultura-pop\/\">Design de camiseta estilo cultura pop<\/a><\/p><\/blockquote>\n<p><iframe class=\"wp-embedded-content\" sandbox=\"allow-scripts\" security=\"restricted\" style=\"position: absolute; clip: rect(1px, 1px, 1px, 1px);\" title=\"\u201cDesign de camiseta estilo cultura pop\u201d \u2014 Midjourney Prompts\" src=\"https:\/\/midjourneyprompts.fr\/product\/design-de-tshirt-style-pop-culture\/embed\/#?secret=MrCKbxaot7#?secret=EtUGY58YJ8\" data-secret=\"EtUGY58YJ8\" width=\"600\" height=\"338\" frameborder=\"0\" marginwidth=\"0\" marginheight=\"0\" scrolling=\"no\"><\/iframe><\/p>\n<blockquote class=\"wp-embedded-content\" data-secret=\"IzTme90NFN\"><p><a href=\"https:\/\/midjourneyprompts.fr\/pt\/produtos\/camiseta-design-fofa-para-cultura-pop-2\/\">Design bonito de camiseta para cultura pop<\/a><\/p><\/blockquote>\n<p><iframe class=\"wp-embedded-content\" sandbox=\"allow-scripts\" security=\"restricted\" style=\"position: absolute; clip: rect(1px, 1px, 1px, 1px);\" title=\"\u201cDesign bonito de camiseta para a cultura pop\u201d \u2014 Midjourney Prompts\" src=\"https:\/\/midjourneyprompts.fr\/product\/design-tshirt-mignon-pour-pop-culture\/embed\/#?secret=VtIZFcjXsL#?secret=IzTme90NFN\" data-secret=\"IzTme90NFN\" width=\"600\" height=\"338\" frameborder=\"0\" marginwidth=\"0\" marginheight=\"0\" scrolling=\"no\"><\/iframe><\/p>\n<blockquote class=\"wp-embedded-content\" data-secret=\"MG0oohgFsi\"><p><a href=\"https:\/\/midjourneyprompts.fr\/pt\/produtos\/livro-ilustracoes-de-animais-para-criancas-2\/\">Ilustra\u00e7\u00f5es de animais para livros infantis<\/a><\/p><\/blockquote>\n<p><iframe class=\"wp-embedded-content\" sandbox=\"allow-scripts\" security=\"restricted\" style=\"position: absolute; clip: rect(1px, 1px, 1px, 1px);\" title=\"&quot;Ilustra\u00e7\u00f5es de animais para livros infantis&quot; \u2014 Midjourney Prompts\" src=\"https:\/\/midjourneyprompts.fr\/product\/illustrations-danimaux-pour-livre-denfant\/embed\/#?secret=doDoQaBQ6y#?secret=MG0oohgFsi\" data-secret=\"MG0oohgFsi\" width=\"600\" height=\"338\" frameborder=\"0\" marginwidth=\"0\" marginheight=\"0\" scrolling=\"no\"><\/iframe><\/p>\n<blockquote class=\"wp-embedded-content\" data-secret=\"mSKKutLPKP\"><p><a href=\"https:\/\/midjourneyprompts.fr\/pt\/produtos\/fundo-foto-realista-objeto\/\">Fundos de fotos realistas para qualquer tipo de objeto<\/a><\/p><\/blockquote>\n<p><iframe class=\"wp-embedded-content\" sandbox=\"allow-scripts\" security=\"restricted\" style=\"position: absolute; clip: rect(1px, 1px, 1px, 1px);\" title=\"\u201cCen\u00e1rios fotogr\u00e1ficos realistas para qualquer tipo de objeto\u201d \u2014 Midjourney Prompts\" src=\"https:\/\/midjourneyprompts.fr\/product\/fonds-photo-realiste-objet\/embed\/#?secret=mXlJVioZa9#?secret=mSKKutLPKP\" data-secret=\"mSKKutLPKP\" width=\"600\" height=\"338\" frameborder=\"0\" marginwidth=\"0\" marginheight=\"0\" scrolling=\"no\"><\/iframe><\/p>","protected":false},"excerpt":{"rendered":"<p>80 Prompts de ilustra\u00e7\u00e3o para Midjourney 80 Prompts de retratos fotogr\u00e1ficos para Midjourney 80 logotipos Prompts para Midjourney Design de camiseta estilo cultura pop Design de camiseta bonito para cultura pop Ilustra\u00e7\u00f5es de animais para livros infantis Fundos fotogr\u00e1ficos realistas para qualquer tipo de objeto<\/p>","protected":false},"author":1,"featured_media":0,"parent":0,"menu_order":0,"comment_status":"closed","ping_status":"closed","template":"","meta":{"_et_pb_use_builder":"","_et_pb_old_content":"","_et_gb_content_width":"","footnotes":""},"class_list":["post-57463","page","type-page","status-publish","hentry"],"acf":[],"_links":{"self":[{"href":"https:\/\/midjourneyprompts.fr\/pt\/wp-json\/wp\/v2\/pages\/57463","targetHints":{"allow":["GET"]}}],"collection":[{"href":"https:\/\/midjourneyprompts.fr\/pt\/wp-json\/wp\/v2\/pages"}],"about":[{"href":"https:\/\/midjourneyprompts.fr\/pt\/wp-json\/wp\/v2\/types\/page"}],"author":[{"embeddable":true,"href":"https:\/\/midjourneyprompts.fr\/pt\/wp-json\/wp\/v2\/users\/1"}],"replies":[{"embeddable":true,"href":"https:\/\/midjourneyprompts.fr\/pt\/wp-json\/wp\/v2\/comments?post=57463"}],"version-history":[{"count":0,"href":"https:\/\/midjourneyprompts.fr\/pt\/wp-json\/wp\/v2\/pages\/57463\/revisions"}],"wp:attachment":[{"href":"https:\/\/midjourneyprompts.fr\/pt\/wp-json\/wp\/v2\/media?parent=57463"}],"curies":[{"name":"wp","href":"https:\/\/api.w.org\/{rel}","templated":true}]}}