{"id":32047,"date":"2022-08-01T13:47:11","date_gmt":"2022-08-01T11:47:11","guid":{"rendered":"https:\/\/midjourneyprompts.fr\/?post_type=product&#038;p=32047"},"modified":"2026-04-07T15:25:17","modified_gmt":"2026-04-07T13:25:17","slug":"80-prompts-logo-midjourney","status":"publish","type":"product","link":"https:\/\/midjourneyprompts.fr\/pt\/product\/80-prompts-logo-midjourney\/","title":{"rendered":"80 logotipos Prompts para Midjourney"},"content":{"rendered":"<p>Gagnez des heures de r\u00e9flexion et de recherche gr\u00e2ce \u00e0 une collection de 80 prompts uniques et sp\u00e9cifiquement pens\u00e9s pour la cr\u00e9ation de logo via Midjourney. Pour seulement quelques dizaines d&rsquo;euros, b\u00e9n\u00e9ficiez d&rsquo;un large panel de style graphique que vous pourrez d\u00e9cliner \u00e0 votre guise selon le type de logo recherch\u00e9, et le domaine d&rsquo;activit\u00e9 cibl\u00e9. Chaque prompt est pr\u00e9sent\u00e9e au c\u00f4t\u00e9 d&rsquo;un exemple graphique, pour vous permettre de visualiser rapidement les propri\u00e9t\u00e9s graphiques qui pourrait vous int\u00e9resser et vous aider \u00e0 g\u00e9n\u00e9rer efficacement vos premiers logos via Midjourney !<\/p>","protected":false},"excerpt":{"rendered":"<p><strong>80 prompts<\/strong><\/p>\n<p>Uma incr\u00edvel cole\u00e7\u00e3o de 80 consultas para design de logotipo via Midjourney, categorizadas em 12 categorias distintas!<\/p>","protected":false},"featured_media":54578,"comment_status":"open","ping_status":"closed","template":"","meta":{"_et_pb_use_builder":"off","_et_pb_old_content":"Gagnez des heures de r\u00e9flexion et de recherche gr\u00e2ce \u00e0 une collection de 80 prompts uniques et sp\u00e9cifiquement pens\u00e9s pour la cr\u00e9ation de logo via Midjourney. Pour seulement quelques dizaines d'euros, b\u00e9n\u00e9ficiez d'un large panel de style graphique que vous pourrez d\u00e9cliner \u00e0 votre guise selon le type de logo recherch\u00e9, et le domaine d'activit\u00e9 cibl\u00e9.\r\n\r\nChaque prompt est pr\u00e9sent\u00e9e au c\u00f4t\u00e9 d'un exemple graphique, pour vous permettre de visualiser rapidement les propri\u00e9t\u00e9s graphiques qui pourrait vous int\u00e9resser et vous aider \u00e0 g\u00e9n\u00e9rer efficacement vos premiers logos via Midjourney !","_et_gb_content_width":""},"product_brand":[],"product_cat":[29,36,30,41],"product_tag":[],"class_list":{"0":"post-32047","1":"product","2":"type-product","3":"status-publish","4":"has-post-thumbnail","6":"product_cat-collection","7":"product_cat-logos","8":"product_cat-online","9":"product_cat-premium","11":"first","12":"instock","13":"sale","14":"downloadable","15":"virtual","16":"taxable","17":"purchasable","18":"product-type-simple"},"acf":[],"_links":{"self":[{"href":"https:\/\/midjourneyprompts.fr\/pt\/wp-json\/wp\/v2\/product\/32047","targetHints":{"allow":["GET"]}}],"collection":[{"href":"https:\/\/midjourneyprompts.fr\/pt\/wp-json\/wp\/v2\/product"}],"about":[{"href":"https:\/\/midjourneyprompts.fr\/pt\/wp-json\/wp\/v2\/types\/product"}],"replies":[{"embeddable":true,"href":"https:\/\/midjourneyprompts.fr\/pt\/wp-json\/wp\/v2\/comments?post=32047"}],"wp:featuredmedia":[{"embeddable":true,"href":"https:\/\/midjourneyprompts.fr\/pt\/wp-json\/wp\/v2\/media\/54578"}],"wp:attachment":[{"href":"https:\/\/midjourneyprompts.fr\/pt\/wp-json\/wp\/v2\/media?parent=32047"}],"wp:term":[{"taxonomy":"product_brand","embeddable":true,"href":"https:\/\/midjourneyprompts.fr\/pt\/wp-json\/wp\/v2\/product_brand?post=32047"},{"taxonomy":"product_cat","embeddable":true,"href":"https:\/\/midjourneyprompts.fr\/pt\/wp-json\/wp\/v2\/product_cat?post=32047"},{"taxonomy":"product_tag","embeddable":true,"href":"https:\/\/midjourneyprompts.fr\/pt\/wp-json\/wp\/v2\/product_tag?post=32047"}],"curies":[{"name":"wp","href":"https:\/\/api.w.org\/{rel}","templated":true}]}}