{"id":56965,"date":"2023-04-19T20:34:00","date_gmt":"2023-04-19T18:34:00","guid":{"rendered":"https:\/\/midjourneyprompts.fr\/?post_type=product&#038;p=56965"},"modified":"2026-04-07T15:27:00","modified_gmt":"2026-04-07T13:27:00","slug":"design-de-tshirt-style-pop-culture","status":"publish","type":"product","link":"https:\/\/midjourneyprompts.fr\/pt\/product\/design-de-tshirt-style-pop-culture\/","title":{"rendered":"Design de camiseta estilo cultura pop"},"content":{"rendered":"<p>Fa\u00e7a belos designs para camisetas e crie roupas exclusivas para voc\u00ea ou venda-as em uma loja online!<br \/>\nEste prompt Midjourney ir\u00e1 ajud\u00e1-lo a gerar designs divertidos e aut\u00eanticos para qualquer personagem da cultura pop, tudo que voc\u00ea precisa fazer \u00e9 nomear o personagem que deseja encenar!<\/p>\n<p><strong>Encomende este prompt e teste-o agora!<\/strong><\/p>","protected":false},"excerpt":{"rendered":"<p><strong>1 prompt<\/strong><\/p>\n<p>Gere belas ilustra\u00e7\u00f5es da cultura pop para a cria\u00e7\u00e3o de suas futuras camisetas e roupas personalizadas. N\u00e3o espere mais e descubra j\u00e1 o estilo da sua pr\u00f3xima t-shirt!<\/p>","protected":false},"featured_media":57124,"comment_status":"open","ping_status":"closed","template":"","meta":{"_et_pb_use_builder":"","_et_pb_old_content":"","_et_gb_content_width":""},"product_brand":[],"product_cat":[38,30,41,33],"product_tag":[],"class_list":{"0":"post-56965","1":"product","2":"type-product","3":"status-publish","4":"has-post-thumbnail","6":"product_cat-illustrations","7":"product_cat-online","8":"product_cat-premium","9":"product_cat-prompt-unique","11":"first","12":"instock","13":"downloadable","14":"virtual","15":"taxable","16":"purchasable","17":"product-type-simple"},"acf":[],"_links":{"self":[{"href":"https:\/\/midjourneyprompts.fr\/pt\/wp-json\/wp\/v2\/product\/56965","targetHints":{"allow":["GET"]}}],"collection":[{"href":"https:\/\/midjourneyprompts.fr\/pt\/wp-json\/wp\/v2\/product"}],"about":[{"href":"https:\/\/midjourneyprompts.fr\/pt\/wp-json\/wp\/v2\/types\/product"}],"replies":[{"embeddable":true,"href":"https:\/\/midjourneyprompts.fr\/pt\/wp-json\/wp\/v2\/comments?post=56965"}],"wp:featuredmedia":[{"embeddable":true,"href":"https:\/\/midjourneyprompts.fr\/pt\/wp-json\/wp\/v2\/media\/57124"}],"wp:attachment":[{"href":"https:\/\/midjourneyprompts.fr\/pt\/wp-json\/wp\/v2\/media?parent=56965"}],"wp:term":[{"taxonomy":"product_brand","embeddable":true,"href":"https:\/\/midjourneyprompts.fr\/pt\/wp-json\/wp\/v2\/product_brand?post=56965"},{"taxonomy":"product_cat","embeddable":true,"href":"https:\/\/midjourneyprompts.fr\/pt\/wp-json\/wp\/v2\/product_cat?post=56965"},{"taxonomy":"product_tag","embeddable":true,"href":"https:\/\/midjourneyprompts.fr\/pt\/wp-json\/wp\/v2\/product_tag?post=56965"}],"curies":[{"name":"wp","href":"https:\/\/api.w.org\/{rel}","templated":true}]}}