{"id":56980,"date":"2023-04-19T22:07:35","date_gmt":"2023-04-19T20:07:35","guid":{"rendered":"https:\/\/midjourneyprompts.fr\/?post_type=product&#038;p=56980"},"modified":"2026-04-07T15:27:34","modified_gmt":"2026-04-07T13:27:34","slug":"illustrations-danimaux-pour-livre-denfant","status":"publish","type":"product","link":"https:\/\/midjourneyprompts.fr\/pt\/product\/illustrations-danimaux-pour-livre-denfant\/","title":{"rendered":"Ilustra\u00e7\u00f5es de animais para livros infantis"},"content":{"rendered":"<p>Crie excelentes ilustra\u00e7\u00f5es de animais para seus entes queridos ou para o projeto de um livro infantil com este prompt Midjourney!<br \/>\nEste prompt Midjourney vai te ajudar a gerar lindas imagens de animais, em um estilo fofo e clean, o prompt foi projetado para gerar apenas ilustra\u00e7\u00f5es em fundo branco. Isso tornar\u00e1 mais f\u00e1cil apar\u00e1-lo, se necess\u00e1rio.<\/p>\n<p><strong>Encomende este prompt e teste-o agora!<\/strong><\/p>","protected":false},"excerpt":{"rendered":"<p><strong>1 prompt<\/strong><\/p>\n<p>Crie belas ilustra\u00e7\u00f5es de animais com este algoritmo prompt e Midjourney, perfeito para os projetos de livros infantis!<\/p>","protected":false},"featured_media":56987,"comment_status":"open","ping_status":"closed","template":"","meta":{"_et_pb_use_builder":"off","_et_pb_old_content":"Cr\u00e9er de superbe illustration d'animaux pour vos proches ou votre projet de livre pour enfant gr\u00e2ce \u00e0 ce prompt Midjourney !\r\nCe prompt Midjourney vous aidera \u00e0 g\u00e9n\u00e9rer de belle image d'animaux, dans un style mignon et \u00e9pur\u00e9, le prompt est con\u00e7u de sorte \u00e0 g\u00e9n\u00e9rer uniquement des illustration sur fond blanc. Ce qui vous en facilitera le d\u00e9tourage si n\u00e9cessaire.\r\n\r\n<strong>Commandez ce prompt et testez le d\u00e8s maintenant !<\/strong>","_et_gb_content_width":""},"product_brand":[],"product_cat":[38,30,41,33],"product_tag":[],"class_list":{"0":"post-56980","1":"product","2":"type-product","3":"status-publish","4":"has-post-thumbnail","6":"product_cat-illustrations","7":"product_cat-online","8":"product_cat-premium","9":"product_cat-prompt-unique","11":"first","12":"instock","13":"downloadable","14":"virtual","15":"taxable","16":"purchasable","17":"product-type-simple"},"acf":[],"_links":{"self":[{"href":"https:\/\/midjourneyprompts.fr\/pt\/wp-json\/wp\/v2\/product\/56980","targetHints":{"allow":["GET"]}}],"collection":[{"href":"https:\/\/midjourneyprompts.fr\/pt\/wp-json\/wp\/v2\/product"}],"about":[{"href":"https:\/\/midjourneyprompts.fr\/pt\/wp-json\/wp\/v2\/types\/product"}],"replies":[{"embeddable":true,"href":"https:\/\/midjourneyprompts.fr\/pt\/wp-json\/wp\/v2\/comments?post=56980"}],"wp:featuredmedia":[{"embeddable":true,"href":"https:\/\/midjourneyprompts.fr\/pt\/wp-json\/wp\/v2\/media\/56987"}],"wp:attachment":[{"href":"https:\/\/midjourneyprompts.fr\/pt\/wp-json\/wp\/v2\/media?parent=56980"}],"wp:term":[{"taxonomy":"product_brand","embeddable":true,"href":"https:\/\/midjourneyprompts.fr\/pt\/wp-json\/wp\/v2\/product_brand?post=56980"},{"taxonomy":"product_cat","embeddable":true,"href":"https:\/\/midjourneyprompts.fr\/pt\/wp-json\/wp\/v2\/product_cat?post=56980"},{"taxonomy":"product_tag","embeddable":true,"href":"https:\/\/midjourneyprompts.fr\/pt\/wp-json\/wp\/v2\/product_tag?post=56980"}],"curies":[{"name":"wp","href":"https:\/\/api.w.org\/{rel}","templated":true}]}}