{"id":56988,"date":"2023-04-20T09:36:39","date_gmt":"2023-04-20T07:36:39","guid":{"rendered":"https:\/\/midjourneyprompts.fr\/?post_type=product&#038;p=56988"},"modified":"2026-04-07T15:27:59","modified_gmt":"2026-04-07T13:27:59","slug":"photos-de-produits-vendus-en-boutique","status":"publish","type":"product","link":"https:\/\/midjourneyprompts.fr\/pt\/product\/photos-de-produits-vendus-en-boutique\/","title":{"rendered":"Fotos dos produtos vendidos na loja"},"content":{"rendered":"<p>Mettez en avant le style d&rsquo;objet vendu sur votre site ou dans votre boutique gr\u00e2ce \u00e0 ce prompt Midjourney !<br \/>\nCe prompt Midjourney vous aidera \u00e0 g\u00e9n\u00e9rer de magnifiques images r\u00e9alistes dans un cadre doux et \u00e9pur\u00e9, et en int\u00e9grant un d\u00e9cor flou de boutique en arri\u00e8re plan, qui conviendra \u00e0 n&rsquo;importe quelle utilisation !<\/p>\n<p><strong>Encomende este prompt e teste-o agora!<\/strong><\/p>","protected":false},"excerpt":{"rendered":"<p><strong>1 prompt<\/strong><\/p>\n<p>Crie fotos realistas incr\u00edveis de qualquer estilo de objeto em um ambiente semelhante a uma loja de bairro com este prompt Midjourney!<\/p>","protected":false},"featured_media":56994,"comment_status":"open","ping_status":"closed","template":"","meta":{"_et_pb_use_builder":"","_et_pb_old_content":"","_et_gb_content_width":""},"product_brand":[],"product_cat":[30,37,41,33],"product_tag":[],"class_list":{"0":"post-56988","1":"product","2":"type-product","3":"status-publish","4":"has-post-thumbnail","6":"product_cat-online","7":"product_cat-photos","8":"product_cat-premium","9":"product_cat-prompt-unique","11":"first","12":"instock","13":"downloadable","14":"virtual","15":"taxable","16":"purchasable","17":"product-type-simple"},"acf":[],"_links":{"self":[{"href":"https:\/\/midjourneyprompts.fr\/pt\/wp-json\/wp\/v2\/product\/56988","targetHints":{"allow":["GET"]}}],"collection":[{"href":"https:\/\/midjourneyprompts.fr\/pt\/wp-json\/wp\/v2\/product"}],"about":[{"href":"https:\/\/midjourneyprompts.fr\/pt\/wp-json\/wp\/v2\/types\/product"}],"replies":[{"embeddable":true,"href":"https:\/\/midjourneyprompts.fr\/pt\/wp-json\/wp\/v2\/comments?post=56988"}],"wp:featuredmedia":[{"embeddable":true,"href":"https:\/\/midjourneyprompts.fr\/pt\/wp-json\/wp\/v2\/media\/56994"}],"wp:attachment":[{"href":"https:\/\/midjourneyprompts.fr\/pt\/wp-json\/wp\/v2\/media?parent=56988"}],"wp:term":[{"taxonomy":"product_brand","embeddable":true,"href":"https:\/\/midjourneyprompts.fr\/pt\/wp-json\/wp\/v2\/product_brand?post=56988"},{"taxonomy":"product_cat","embeddable":true,"href":"https:\/\/midjourneyprompts.fr\/pt\/wp-json\/wp\/v2\/product_cat?post=56988"},{"taxonomy":"product_tag","embeddable":true,"href":"https:\/\/midjourneyprompts.fr\/pt\/wp-json\/wp\/v2\/product_tag?post=56988"}],"curies":[{"name":"wp","href":"https:\/\/api.w.org\/{rel}","templated":true}]}}