{"id":57001,"date":"2023-04-20T10:36:28","date_gmt":"2023-04-20T08:36:28","guid":{"rendered":"https:\/\/midjourneyprompts.fr\/?post_type=product&#038;p=57001"},"modified":"2026-04-07T15:27:13","modified_gmt":"2026-04-07T13:27:13","slug":"fonds-photo-realiste-objet","status":"publish","type":"product","link":"https:\/\/midjourneyprompts.fr\/pt\/product\/fonds-photo-realiste-objet\/","title":{"rendered":"Fundos de fotos realistas para qualquer tipo de objeto"},"content":{"rendered":"<p>Mettez en avant un style d&rsquo;objet sp\u00e9cifiques ou la multitudes de vos produits gr\u00e2ce \u00e0 ce prompt Midjourney !<br \/>\nEste prompt Midjourney ir\u00e1 ajud\u00e1-lo a gerar belas imagens realistas, integrando-as como fundos, alimentos ou pequenos objetos, basta alterar a palavra-chave principal!<\/p>\n<p><strong>Encomende este prompt e teste-o agora!<\/strong><\/p>","protected":false},"excerpt":{"rendered":"<p><strong>1 prompt<\/strong><\/p>\n<p>Crie incr\u00edveis fotos realistas de um ac\u00famulo espec\u00edfico de objeto ou comida, perfeito para um slide de site!<\/p>","protected":false},"featured_media":57002,"comment_status":"open","ping_status":"closed","template":"","meta":{"_et_pb_use_builder":"","_et_pb_old_content":"","_et_gb_content_width":""},"product_brand":[],"product_cat":[30,37,41,33],"product_tag":[],"class_list":{"0":"post-57001","1":"product","2":"type-product","3":"status-publish","4":"has-post-thumbnail","6":"product_cat-online","7":"product_cat-photos","8":"product_cat-premium","9":"product_cat-prompt-unique","11":"first","12":"instock","13":"downloadable","14":"virtual","15":"taxable","16":"purchasable","17":"product-type-simple"},"acf":[],"_links":{"self":[{"href":"https:\/\/midjourneyprompts.fr\/pt\/wp-json\/wp\/v2\/product\/57001","targetHints":{"allow":["GET"]}}],"collection":[{"href":"https:\/\/midjourneyprompts.fr\/pt\/wp-json\/wp\/v2\/product"}],"about":[{"href":"https:\/\/midjourneyprompts.fr\/pt\/wp-json\/wp\/v2\/types\/product"}],"replies":[{"embeddable":true,"href":"https:\/\/midjourneyprompts.fr\/pt\/wp-json\/wp\/v2\/comments?post=57001"}],"wp:featuredmedia":[{"embeddable":true,"href":"https:\/\/midjourneyprompts.fr\/pt\/wp-json\/wp\/v2\/media\/57002"}],"wp:attachment":[{"href":"https:\/\/midjourneyprompts.fr\/pt\/wp-json\/wp\/v2\/media?parent=57001"}],"wp:term":[{"taxonomy":"product_brand","embeddable":true,"href":"https:\/\/midjourneyprompts.fr\/pt\/wp-json\/wp\/v2\/product_brand?post=57001"},{"taxonomy":"product_cat","embeddable":true,"href":"https:\/\/midjourneyprompts.fr\/pt\/wp-json\/wp\/v2\/product_cat?post=57001"},{"taxonomy":"product_tag","embeddable":true,"href":"https:\/\/midjourneyprompts.fr\/pt\/wp-json\/wp\/v2\/product_tag?post=57001"}],"curies":[{"name":"wp","href":"https:\/\/api.w.org\/{rel}","templated":true}]}}