{"id":57113,"date":"2023-04-20T20:46:37","date_gmt":"2023-04-20T18:46:37","guid":{"rendered":"https:\/\/midjourneyprompts.fr\/?post_type=product&#038;p=57113"},"modified":"2026-04-07T15:27:39","modified_gmt":"2026-04-07T13:27:39","slug":"logos-cartoon-mignons-et-colores","status":"publish","type":"product","link":"https:\/\/midjourneyprompts.fr\/pt\/product\/logos-cartoon-mignons-et-colores\/","title":{"rendered":"Logos bonitos e coloridos dos desenhos animados!"},"content":{"rendered":"<p>Cr\u00e9ez d&rsquo;incroyables logos dans un style cartoon, et optenez des r\u00e9sultats \u00e0 la fois mignons et color\u00e9s !<br \/>\nEste prompt Midjourney vai te ajudar a gerar lindos logotipos para qualquer tipo de neg\u00f3cio, basta escolher sua palavra-chave principal!<\/p>\n<p><strong>Encomende este prompt e teste-o agora!<\/strong><\/p>","protected":false},"excerpt":{"rendered":"<p><strong>1 prompt<\/strong><\/p>\n<p>Crie rapidamente logotipos incr\u00edveis em estilo cartoon, fofos e coloridos! Economize horas de trabalho em troca de alguns euros!<\/p>","protected":false},"featured_media":57115,"comment_status":"open","ping_status":"closed","template":"","meta":{"_et_pb_use_builder":"","_et_pb_old_content":"","_et_gb_content_width":""},"product_brand":[],"product_cat":[36,30,41,33],"product_tag":[],"class_list":{"0":"post-57113","1":"product","2":"type-product","3":"status-publish","4":"has-post-thumbnail","6":"product_cat-logos","7":"product_cat-online","8":"product_cat-premium","9":"product_cat-prompt-unique","11":"first","12":"instock","13":"downloadable","14":"virtual","15":"taxable","16":"purchasable","17":"product-type-simple"},"acf":[],"_links":{"self":[{"href":"https:\/\/midjourneyprompts.fr\/pt\/wp-json\/wp\/v2\/product\/57113","targetHints":{"allow":["GET"]}}],"collection":[{"href":"https:\/\/midjourneyprompts.fr\/pt\/wp-json\/wp\/v2\/product"}],"about":[{"href":"https:\/\/midjourneyprompts.fr\/pt\/wp-json\/wp\/v2\/types\/product"}],"replies":[{"embeddable":true,"href":"https:\/\/midjourneyprompts.fr\/pt\/wp-json\/wp\/v2\/comments?post=57113"}],"wp:featuredmedia":[{"embeddable":true,"href":"https:\/\/midjourneyprompts.fr\/pt\/wp-json\/wp\/v2\/media\/57115"}],"wp:attachment":[{"href":"https:\/\/midjourneyprompts.fr\/pt\/wp-json\/wp\/v2\/media?parent=57113"}],"wp:term":[{"taxonomy":"product_brand","embeddable":true,"href":"https:\/\/midjourneyprompts.fr\/pt\/wp-json\/wp\/v2\/product_brand?post=57113"},{"taxonomy":"product_cat","embeddable":true,"href":"https:\/\/midjourneyprompts.fr\/pt\/wp-json\/wp\/v2\/product_cat?post=57113"},{"taxonomy":"product_tag","embeddable":true,"href":"https:\/\/midjourneyprompts.fr\/pt\/wp-json\/wp\/v2\/product_tag?post=57113"}],"curies":[{"name":"wp","href":"https:\/\/api.w.org\/{rel}","templated":true}]}}