{"id":57126,"date":"2023-04-20T21:47:05","date_gmt":"2023-04-20T19:47:05","guid":{"rendered":"https:\/\/midjourneyprompts.fr\/?post_type=product&#038;p=57126"},"modified":"2026-04-07T15:27:30","modified_gmt":"2026-04-07T13:27:30","slug":"illustrations-2d-vectorielles-minimalistes","status":"publish","type":"product","link":"https:\/\/midjourneyprompts.fr\/pt\/product\/illustrations-2d-vectorielles-minimalistes\/","title":{"rendered":"Ilustra\u00e7\u00f5es 2D vetoriais minimalistas"},"content":{"rendered":"<p>Apresente seus servi\u00e7os e produtos com incr\u00edveis ilustra\u00e7\u00f5es 2D minimalistas com este prompt!<br \/>\nEste prompt Midjourney ir\u00e1 ajud\u00e1-lo a gerar belas renderiza\u00e7\u00f5es em um estilo que pode ser semelhante a uma imagem vetorial feita no Illustrator.<\/p>\n<p><strong>Encomende este prompt e teste-o agora!<\/strong><\/p>","protected":false},"excerpt":{"rendered":"<p><strong>1 prompt<\/strong><\/p>\n<p>Gere belas ilustra\u00e7\u00f5es 2D coloridas e minimalistas em estilo vetorial gra\u00e7as a este algoritmo prompt e Midjourney, perfeito para uma ag\u00eancia de comunica\u00e7\u00e3o!<\/p>","protected":false},"featured_media":56970,"comment_status":"open","ping_status":"closed","template":"","meta":{"_et_pb_use_builder":"","_et_pb_old_content":"","_et_gb_content_width":""},"product_brand":[],"product_cat":[38,30,41,33],"product_tag":[],"class_list":{"0":"post-57126","1":"product","2":"type-product","3":"status-publish","4":"has-post-thumbnail","6":"product_cat-illustrations","7":"product_cat-online","8":"product_cat-premium","9":"product_cat-prompt-unique","11":"first","12":"instock","13":"downloadable","14":"virtual","15":"taxable","16":"purchasable","17":"product-type-simple"},"acf":[],"_links":{"self":[{"href":"https:\/\/midjourneyprompts.fr\/pt\/wp-json\/wp\/v2\/product\/57126","targetHints":{"allow":["GET"]}}],"collection":[{"href":"https:\/\/midjourneyprompts.fr\/pt\/wp-json\/wp\/v2\/product"}],"about":[{"href":"https:\/\/midjourneyprompts.fr\/pt\/wp-json\/wp\/v2\/types\/product"}],"replies":[{"embeddable":true,"href":"https:\/\/midjourneyprompts.fr\/pt\/wp-json\/wp\/v2\/comments?post=57126"}],"wp:featuredmedia":[{"embeddable":true,"href":"https:\/\/midjourneyprompts.fr\/pt\/wp-json\/wp\/v2\/media\/56970"}],"wp:attachment":[{"href":"https:\/\/midjourneyprompts.fr\/pt\/wp-json\/wp\/v2\/media?parent=57126"}],"wp:term":[{"taxonomy":"product_brand","embeddable":true,"href":"https:\/\/midjourneyprompts.fr\/pt\/wp-json\/wp\/v2\/product_brand?post=57126"},{"taxonomy":"product_cat","embeddable":true,"href":"https:\/\/midjourneyprompts.fr\/pt\/wp-json\/wp\/v2\/product_cat?post=57126"},{"taxonomy":"product_tag","embeddable":true,"href":"https:\/\/midjourneyprompts.fr\/pt\/wp-json\/wp\/v2\/product_tag?post=57126"}],"curies":[{"name":"wp","href":"https:\/\/api.w.org\/{rel}","templated":true}]}}