{"id":57128,"date":"2022-07-15T22:09:30","date_gmt":"2022-07-15T20:09:30","guid":{"rendered":"https:\/\/midjourneyprompts.fr\/?post_type=product&#038;p=57128"},"modified":"2026-04-07T15:27:41","modified_gmt":"2026-04-07T13:27:41","slug":"logos-classiques-et-elegants","status":"publish","type":"product","link":"https:\/\/midjourneyprompts.fr\/pt\/product\/logos-classiques-et-elegants\/","title":{"rendered":"Logotipos cl\u00e1ssicos e elegantes"},"content":{"rendered":"<p>Crie logotipos cl\u00e1ssicos e elegantes incr\u00edveis para sua empresa ou de seus clientes com este prompt Midjourney!<br \/>\nEste prompt Midjourney vai te ajudar a gerar lindos logotipos para qualquer tipo de neg\u00f3cio, basta escolher sua palavra-chave principal!<\/p>\n<p><strong>Encomende este prompt e teste-o agora!<\/strong><\/p>","protected":false},"excerpt":{"rendered":"<p><strong>1 prompt<\/strong><\/p>\n<p>Crie rapidamente logotipos incr\u00edveis, modernos e minimalistas, para o lan\u00e7amento de seu pr\u00f3ximo neg\u00f3cio ou para um projeto de cliente!<\/p>","protected":false},"featured_media":57134,"comment_status":"open","ping_status":"closed","template":"","meta":{"_et_pb_use_builder":"","_et_pb_old_content":"","_et_gb_content_width":""},"product_brand":[],"product_cat":[39,40,36,30,33],"product_tag":[],"class_list":{"0":"post-57128","1":"product","2":"type-product","3":"status-publish","4":"has-post-thumbnail","6":"product_cat-accessibilite","7":"product_cat-gratuit","8":"product_cat-logos","9":"product_cat-online","10":"product_cat-prompt-unique","12":"first","13":"instock","14":"sale","15":"downloadable","16":"virtual","17":"taxable","18":"purchasable","19":"product-type-simple"},"acf":[],"_links":{"self":[{"href":"https:\/\/midjourneyprompts.fr\/pt\/wp-json\/wp\/v2\/product\/57128","targetHints":{"allow":["GET"]}}],"collection":[{"href":"https:\/\/midjourneyprompts.fr\/pt\/wp-json\/wp\/v2\/product"}],"about":[{"href":"https:\/\/midjourneyprompts.fr\/pt\/wp-json\/wp\/v2\/types\/product"}],"replies":[{"embeddable":true,"href":"https:\/\/midjourneyprompts.fr\/pt\/wp-json\/wp\/v2\/comments?post=57128"}],"wp:featuredmedia":[{"embeddable":true,"href":"https:\/\/midjourneyprompts.fr\/pt\/wp-json\/wp\/v2\/media\/57134"}],"wp:attachment":[{"href":"https:\/\/midjourneyprompts.fr\/pt\/wp-json\/wp\/v2\/media?parent=57128"}],"wp:term":[{"taxonomy":"product_brand","embeddable":true,"href":"https:\/\/midjourneyprompts.fr\/pt\/wp-json\/wp\/v2\/product_brand?post=57128"},{"taxonomy":"product_cat","embeddable":true,"href":"https:\/\/midjourneyprompts.fr\/pt\/wp-json\/wp\/v2\/product_cat?post=57128"},{"taxonomy":"product_tag","embeddable":true,"href":"https:\/\/midjourneyprompts.fr\/pt\/wp-json\/wp\/v2\/product_tag?post=57128"}],"curies":[{"name":"wp","href":"https:\/\/api.w.org\/{rel}","templated":true}]}}