{"id":57184,"date":"2023-04-21T11:50:50","date_gmt":"2023-04-21T09:50:50","guid":{"rendered":"https:\/\/midjourneyprompts.fr\/?post_type=product&#038;p=57184"},"modified":"2026-04-07T15:27:06","modified_gmt":"2026-04-07T13:27:06","slug":"design-tshirt-mignon-pour-pop-culture","status":"publish","type":"product","link":"https:\/\/midjourneyprompts.fr\/pt\/product\/design-tshirt-mignon-pour-pop-culture\/","title":{"rendered":"Design bonito de camiseta para cultura pop"},"content":{"rendered":"<p>R\u00e9alisez de magnifiques design mignons et color\u00e9s pour tshirt, et cr\u00e9ez vous des v\u00eatements uniques pour vous m\u00eame ou vendez en via une boutique en ligne ! Ce prompt Midjourney vous aidera \u00e0 g\u00e9n\u00e9rer des designs ludiques et authentiques pour n&rsquo;importe quel personnage de Pop culture, il vous suffira simplement de nommer le personnage \u00e0 mettre en sc\u00e8ne ! <strong>Encomende este prompt e teste-o agora!<\/strong><\/p>","protected":false},"excerpt":{"rendered":"<p><strong>1 prompt<\/strong><\/p>\n<p>Gere belas ilustra\u00e7\u00f5es fofas e coloridas da cultura pop para a cria\u00e7\u00e3o de suas futuras camisetas e roupas personalizadas. N\u00e3o espere mais e descubra j\u00e1 o estilo da sua pr\u00f3xima t-shirt!<\/p>","protected":false},"featured_media":57189,"comment_status":"open","ping_status":"closed","template":"","meta":{"_et_pb_use_builder":"off","_et_pb_old_content":"R\u00e9alisez de magnifiques design mignons et color\u00e9s pour tshirt, et cr\u00e9ez vous des v\u00eatements uniques pour vous m\u00eame ou vendez en via une boutique en ligne !\r\nCe prompt Midjourney vous aidera \u00e0 g\u00e9n\u00e9rer des designs ludiques et authentiques pour n'importe quel personnage de Pop culture, il vous suffira simplement de nommer le personnage \u00e0 mettre en sc\u00e8ne !\r\n\r\n<strong>Commandez ce prompt et testez le d\u00e8s maintenant !<\/strong>","_et_gb_content_width":""},"product_brand":[],"product_cat":[38,30,41,33],"product_tag":[],"class_list":{"0":"post-57184","1":"product","2":"type-product","3":"status-publish","4":"has-post-thumbnail","6":"product_cat-illustrations","7":"product_cat-online","8":"product_cat-premium","9":"product_cat-prompt-unique","11":"first","12":"instock","13":"downloadable","14":"virtual","15":"taxable","16":"purchasable","17":"product-type-simple"},"acf":[],"_links":{"self":[{"href":"https:\/\/midjourneyprompts.fr\/pt\/wp-json\/wp\/v2\/product\/57184","targetHints":{"allow":["GET"]}}],"collection":[{"href":"https:\/\/midjourneyprompts.fr\/pt\/wp-json\/wp\/v2\/product"}],"about":[{"href":"https:\/\/midjourneyprompts.fr\/pt\/wp-json\/wp\/v2\/types\/product"}],"replies":[{"embeddable":true,"href":"https:\/\/midjourneyprompts.fr\/pt\/wp-json\/wp\/v2\/comments?post=57184"}],"wp:featuredmedia":[{"embeddable":true,"href":"https:\/\/midjourneyprompts.fr\/pt\/wp-json\/wp\/v2\/media\/57189"}],"wp:attachment":[{"href":"https:\/\/midjourneyprompts.fr\/pt\/wp-json\/wp\/v2\/media?parent=57184"}],"wp:term":[{"taxonomy":"product_brand","embeddable":true,"href":"https:\/\/midjourneyprompts.fr\/pt\/wp-json\/wp\/v2\/product_brand?post=57184"},{"taxonomy":"product_cat","embeddable":true,"href":"https:\/\/midjourneyprompts.fr\/pt\/wp-json\/wp\/v2\/product_cat?post=57184"},{"taxonomy":"product_tag","embeddable":true,"href":"https:\/\/midjourneyprompts.fr\/pt\/wp-json\/wp\/v2\/product_tag?post=57184"}],"curies":[{"name":"wp","href":"https:\/\/api.w.org\/{rel}","templated":true}]}}