{"id":57560,"date":"2023-05-08T12:21:08","date_gmt":"2023-05-08T10:21:08","guid":{"rendered":"https:\/\/midjourneyprompts.fr\/?post_type=product&#038;p=57560"},"modified":"2026-04-07T15:26:54","modified_gmt":"2026-04-07T13:26:54","slug":"concept-de-personnage-pour-livre-denfant","status":"publish","type":"product","link":"https:\/\/midjourneyprompts.fr\/pt\/product\/concept-de-personnage-pour-livre-denfant\/","title":{"rendered":"Conceito de personagem para livro infantil"},"content":{"rendered":"<p>Crie ilustra\u00e7\u00f5es de personagens impressionantes para seus entes queridos ou projeto de livro infantil com este prompt Midjourney!<br \/>\nEste prompt Midjourney ajudar\u00e1 voc\u00ea a gerar belos designs de personagens, em um estilo bonito e limpo, o prompt foi projetado para gerar ilustra\u00e7\u00f5es apenas em fundos brancos. Isso tornar\u00e1 mais f\u00e1cil para voc\u00ea apar\u00e1-lo, se necess\u00e1rio.<\/p>\n<p><strong>Encomende este prompt e teste-o agora!<\/strong><\/p>","protected":false},"excerpt":{"rendered":"<p><strong>1 prompt<\/strong><\/p>\n<p>Gere belas ilustra\u00e7\u00f5es com este algoritmo prompt e Midjourney, perfeito para seus projetos de livros infantis!<\/p>","protected":false},"featured_media":57554,"comment_status":"open","ping_status":"closed","template":"","meta":{"_et_pb_use_builder":"","_et_pb_old_content":"","_et_gb_content_width":""},"product_brand":[],"product_cat":[38,30,41,33],"product_tag":[],"class_list":{"0":"post-57560","1":"product","2":"type-product","3":"status-publish","4":"has-post-thumbnail","6":"product_cat-illustrations","7":"product_cat-online","8":"product_cat-premium","9":"product_cat-prompt-unique","11":"first","12":"instock","13":"downloadable","14":"virtual","15":"taxable","16":"purchasable","17":"product-type-simple"},"acf":[],"_links":{"self":[{"href":"https:\/\/midjourneyprompts.fr\/pt\/wp-json\/wp\/v2\/product\/57560","targetHints":{"allow":["GET"]}}],"collection":[{"href":"https:\/\/midjourneyprompts.fr\/pt\/wp-json\/wp\/v2\/product"}],"about":[{"href":"https:\/\/midjourneyprompts.fr\/pt\/wp-json\/wp\/v2\/types\/product"}],"replies":[{"embeddable":true,"href":"https:\/\/midjourneyprompts.fr\/pt\/wp-json\/wp\/v2\/comments?post=57560"}],"wp:featuredmedia":[{"embeddable":true,"href":"https:\/\/midjourneyprompts.fr\/pt\/wp-json\/wp\/v2\/media\/57554"}],"wp:attachment":[{"href":"https:\/\/midjourneyprompts.fr\/pt\/wp-json\/wp\/v2\/media?parent=57560"}],"wp:term":[{"taxonomy":"product_brand","embeddable":true,"href":"https:\/\/midjourneyprompts.fr\/pt\/wp-json\/wp\/v2\/product_brand?post=57560"},{"taxonomy":"product_cat","embeddable":true,"href":"https:\/\/midjourneyprompts.fr\/pt\/wp-json\/wp\/v2\/product_cat?post=57560"},{"taxonomy":"product_tag","embeddable":true,"href":"https:\/\/midjourneyprompts.fr\/pt\/wp-json\/wp\/v2\/product_tag?post=57560"}],"curies":[{"name":"wp","href":"https:\/\/api.w.org\/{rel}","templated":true}]}}