{"id":57570,"date":"2023-05-08T12:56:51","date_gmt":"2023-05-08T10:56:51","guid":{"rendered":"https:\/\/midjourneyprompts.fr\/?post_type=product&#038;p=57570"},"modified":"2026-04-07T15:27:10","modified_gmt":"2026-04-07T13:27:10","slug":"flat-design-minimaliste-vectorielle-illustration","status":"publish","type":"product","link":"https:\/\/midjourneyprompts.fr\/pt\/product\/flat-design-minimaliste-vectorielle-illustration\/","title":{"rendered":"Ilustra\u00e7\u00f5es minimalistas de design plano"},"content":{"rendered":"<p>Mettez en valeur vos services et produits \u00e0 l&rsquo;aide d&rsquo;incroyables illustrations minimalistes et dans un style \u00ab\u00a0flat design\u00a0\u00bb gr\u00e2ce \u00e0 ce prompt !<br \/>\nEste prompt Midjourney ir\u00e1 ajud\u00e1-lo a gerar belas renderiza\u00e7\u00f5es em um estilo que pode ser semelhante a uma imagem vetorial feita no Illustrator.<\/p>\n<p><strong>Encomende este prompt e teste-o agora!<\/strong><\/p>","protected":false},"excerpt":{"rendered":"<p><strong>1 prompt<\/strong><\/p>\n<p>Gere belas, coloridas e minimalistas ilustra\u00e7\u00f5es 2D em estilo \u201cflat design\u201d gra\u00e7as a este algoritmo prompt e Midjourney, perfeito para uma ag\u00eancia de comunica\u00e7\u00e3o!<\/p>","protected":false},"featured_media":57575,"comment_status":"open","ping_status":"closed","template":"","meta":{"_et_pb_use_builder":"","_et_pb_old_content":"","_et_gb_content_width":""},"product_brand":[],"product_cat":[38,30,41,33],"product_tag":[],"class_list":{"0":"post-57570","1":"product","2":"type-product","3":"status-publish","4":"has-post-thumbnail","6":"product_cat-illustrations","7":"product_cat-online","8":"product_cat-premium","9":"product_cat-prompt-unique","11":"first","12":"instock","13":"downloadable","14":"virtual","15":"taxable","16":"purchasable","17":"product-type-simple"},"acf":[],"_links":{"self":[{"href":"https:\/\/midjourneyprompts.fr\/pt\/wp-json\/wp\/v2\/product\/57570","targetHints":{"allow":["GET"]}}],"collection":[{"href":"https:\/\/midjourneyprompts.fr\/pt\/wp-json\/wp\/v2\/product"}],"about":[{"href":"https:\/\/midjourneyprompts.fr\/pt\/wp-json\/wp\/v2\/types\/product"}],"replies":[{"embeddable":true,"href":"https:\/\/midjourneyprompts.fr\/pt\/wp-json\/wp\/v2\/comments?post=57570"}],"wp:featuredmedia":[{"embeddable":true,"href":"https:\/\/midjourneyprompts.fr\/pt\/wp-json\/wp\/v2\/media\/57575"}],"wp:attachment":[{"href":"https:\/\/midjourneyprompts.fr\/pt\/wp-json\/wp\/v2\/media?parent=57570"}],"wp:term":[{"taxonomy":"product_brand","embeddable":true,"href":"https:\/\/midjourneyprompts.fr\/pt\/wp-json\/wp\/v2\/product_brand?post=57570"},{"taxonomy":"product_cat","embeddable":true,"href":"https:\/\/midjourneyprompts.fr\/pt\/wp-json\/wp\/v2\/product_cat?post=57570"},{"taxonomy":"product_tag","embeddable":true,"href":"https:\/\/midjourneyprompts.fr\/pt\/wp-json\/wp\/v2\/product_tag?post=57570"}],"curies":[{"name":"wp","href":"https:\/\/api.w.org\/{rel}","templated":true}]}}