{"id":57639,"date":"2023-05-09T15:06:42","date_gmt":"2023-05-09T13:06:42","guid":{"rendered":"https:\/\/midjourneyprompts.fr\/?post_type=product&#038;p=57639"},"modified":"2026-04-07T15:28:14","modified_gmt":"2026-04-07T13:28:14","slug":"3d-renders-for-any-kind-of-clothes","status":"publish","type":"product","link":"https:\/\/midjourneyprompts.fr\/pt\/product\/3d-renders-for-any-kind-of-clothes\/","title":{"rendered":"Renderiza\u00e7\u00f5es 3D para qualquer tipo de roupa"},"content":{"rendered":"<p>Crie renderiza\u00e7\u00f5es 3D incrivelmente realistas com este prompt Midjourney!<br \/>\nGere dezenas de designs em minutos e economize muitas horas de design de produto e trabalho de design gr\u00e1fico!<\/p>\n<p><strong>Encomende este prompt e teste-o agora!<\/strong><\/p>","protected":false},"excerpt":{"rendered":"<p><strong>1 prompt<\/strong><\/p>\n<p>Crie lindas renderiza\u00e7\u00f5es 3D para o tipo de roupa que voc\u00ea deseja, gere rapidamente muitas ideias de design e economize horas de trabalho!<\/p>","protected":false},"featured_media":57641,"comment_status":"open","ping_status":"closed","template":"","meta":{"_et_pb_use_builder":"","_et_pb_old_content":"","_et_gb_content_width":""},"product_brand":[],"product_cat":[30,37,41,33],"product_tag":[],"class_list":{"0":"post-57639","1":"product","2":"type-product","3":"status-publish","4":"has-post-thumbnail","6":"product_cat-online","7":"product_cat-photos","8":"product_cat-premium","9":"product_cat-prompt-unique","11":"first","12":"instock","13":"downloadable","14":"virtual","15":"taxable","16":"purchasable","17":"product-type-simple"},"acf":[],"_links":{"self":[{"href":"https:\/\/midjourneyprompts.fr\/pt\/wp-json\/wp\/v2\/product\/57639","targetHints":{"allow":["GET"]}}],"collection":[{"href":"https:\/\/midjourneyprompts.fr\/pt\/wp-json\/wp\/v2\/product"}],"about":[{"href":"https:\/\/midjourneyprompts.fr\/pt\/wp-json\/wp\/v2\/types\/product"}],"replies":[{"embeddable":true,"href":"https:\/\/midjourneyprompts.fr\/pt\/wp-json\/wp\/v2\/comments?post=57639"}],"wp:featuredmedia":[{"embeddable":true,"href":"https:\/\/midjourneyprompts.fr\/pt\/wp-json\/wp\/v2\/media\/57641"}],"wp:attachment":[{"href":"https:\/\/midjourneyprompts.fr\/pt\/wp-json\/wp\/v2\/media?parent=57639"}],"wp:term":[{"taxonomy":"product_brand","embeddable":true,"href":"https:\/\/midjourneyprompts.fr\/pt\/wp-json\/wp\/v2\/product_brand?post=57639"},{"taxonomy":"product_cat","embeddable":true,"href":"https:\/\/midjourneyprompts.fr\/pt\/wp-json\/wp\/v2\/product_cat?post=57639"},{"taxonomy":"product_tag","embeddable":true,"href":"https:\/\/midjourneyprompts.fr\/pt\/wp-json\/wp\/v2\/product_tag?post=57639"}],"curies":[{"name":"wp","href":"https:\/\/api.w.org\/{rel}","templated":true}]}}