{"id":57737,"date":"2023-05-16T16:40:30","date_gmt":"2023-05-16T14:40:30","guid":{"rendered":"https:\/\/midjourneyprompts.fr\/?post_type=product&#038;p=57737"},"modified":"2026-04-07T15:27:21","modified_gmt":"2026-04-07T13:27:21","slug":"illustration-de-cocktails-en-aquarelle","status":"publish","type":"product","link":"https:\/\/midjourneyprompts.fr\/pt\/product\/illustration-de-cocktails-en-aquarelle\/","title":{"rendered":"Ilustra\u00e7\u00e3o de coquetel em aquarela"},"content":{"rendered":"<p>Destaque os cocktails oferecidos pelo seu restaurante ou bar com este prompt Midjourney!<br \/>\nEste prompt Midjourney ajudar\u00e1 voc\u00ea a gerar lindas ilustra\u00e7\u00f5es em aquarela de qualquer estilo de coquetel!<\/p>\n<p><strong>Encomende este prompt e teste-o agora!<\/strong><\/p>","protected":false},"excerpt":{"rendered":"<p><strong>1 prompt<\/strong><\/p>\n<p>Crie incr\u00edveis ilustra\u00e7\u00f5es em aquarela de coquet\u00e9is para mostrar seu bar ou restaurante na internet!<\/p>","protected":false},"featured_media":57744,"comment_status":"open","ping_status":"closed","template":"","meta":{"_et_pb_use_builder":"","_et_pb_old_content":"","_et_gb_content_width":""},"product_brand":[],"product_cat":[40,38,30,33],"product_tag":[],"class_list":{"0":"post-57737","1":"product","2":"type-product","3":"status-publish","4":"has-post-thumbnail","6":"product_cat-gratuit","7":"product_cat-illustrations","8":"product_cat-online","9":"product_cat-prompt-unique","11":"first","12":"instock","13":"downloadable","14":"virtual","15":"taxable","16":"purchasable","17":"product-type-simple"},"acf":[],"_links":{"self":[{"href":"https:\/\/midjourneyprompts.fr\/pt\/wp-json\/wp\/v2\/product\/57737","targetHints":{"allow":["GET"]}}],"collection":[{"href":"https:\/\/midjourneyprompts.fr\/pt\/wp-json\/wp\/v2\/product"}],"about":[{"href":"https:\/\/midjourneyprompts.fr\/pt\/wp-json\/wp\/v2\/types\/product"}],"replies":[{"embeddable":true,"href":"https:\/\/midjourneyprompts.fr\/pt\/wp-json\/wp\/v2\/comments?post=57737"}],"wp:featuredmedia":[{"embeddable":true,"href":"https:\/\/midjourneyprompts.fr\/pt\/wp-json\/wp\/v2\/media\/57744"}],"wp:attachment":[{"href":"https:\/\/midjourneyprompts.fr\/pt\/wp-json\/wp\/v2\/media?parent=57737"}],"wp:term":[{"taxonomy":"product_brand","embeddable":true,"href":"https:\/\/midjourneyprompts.fr\/pt\/wp-json\/wp\/v2\/product_brand?post=57737"},{"taxonomy":"product_cat","embeddable":true,"href":"https:\/\/midjourneyprompts.fr\/pt\/wp-json\/wp\/v2\/product_cat?post=57737"},{"taxonomy":"product_tag","embeddable":true,"href":"https:\/\/midjourneyprompts.fr\/pt\/wp-json\/wp\/v2\/product_tag?post=57737"}],"curies":[{"name":"wp","href":"https:\/\/api.w.org\/{rel}","templated":true}]}}