{"id":58121,"date":"2023-05-24T16:00:52","date_gmt":"2023-05-24T14:00:52","guid":{"rendered":"https:\/\/midjourneyprompts.fr\/?post_type=product&#038;p=58121"},"modified":"2026-04-07T15:25:09","modified_gmt":"2026-04-07T13:25:09","slug":"80-prompts-livre-denfant-pour-midjourney","status":"publish","type":"product","link":"https:\/\/midjourneyprompts.fr\/pt\/product\/80-prompts-livre-denfant-pour-midjourney\/","title":{"rendered":"80 Prompts Livro infantil para Midjourney"},"content":{"rendered":"<p>Economize horas de reflex\u00e3o e pesquisa com uma cole\u00e7\u00e3o de 80 promptss exclusivos projetados especificamente para gerar ilustra\u00e7\u00f5es de livros infantis com Midjourney. Por apenas algumas dezenas de euros, beneficie de uma vasta gama de prompts com renderiza\u00e7\u00f5es variadas para ilustrar a sua hist\u00f3ria com imagens magn\u00edficas!<\/p>\n<p>Cada prompt \u00e9 apresentado ao lado de um exemplo gr\u00e1fico, para permitir visualizar rapidamente as propriedades gr\u00e1ficas que podem lhe interessar e para ajud\u00e1-lo a gerar com efici\u00eancia seus primeiros modelos fotogr\u00e1ficos via Midjourney!<\/p>","protected":false},"excerpt":{"rendered":"<p><strong>80 prompts<\/strong><\/p>\n<p>Voc\u00ea precisa de renderiza\u00e7\u00f5es fotorrealistas para gerar ilustra\u00e7\u00f5es de livros infantis? Descubra esta incr\u00edvel cole\u00e7\u00e3o de 80 prompts!<\/p>","protected":false},"featured_media":58241,"comment_status":"open","ping_status":"closed","template":"","meta":{"_et_pb_use_builder":"","_et_pb_old_content":"","_et_gb_content_width":""},"product_brand":[],"product_cat":[29,38,30,41],"product_tag":[],"class_list":{"0":"post-58121","1":"product","2":"type-product","3":"status-publish","4":"has-post-thumbnail","6":"product_cat-collection","7":"product_cat-illustrations","8":"product_cat-online","9":"product_cat-premium","11":"first","12":"instock","13":"sale","14":"downloadable","15":"virtual","16":"taxable","17":"purchasable","18":"product-type-simple"},"acf":[],"_links":{"self":[{"href":"https:\/\/midjourneyprompts.fr\/pt\/wp-json\/wp\/v2\/product\/58121","targetHints":{"allow":["GET"]}}],"collection":[{"href":"https:\/\/midjourneyprompts.fr\/pt\/wp-json\/wp\/v2\/product"}],"about":[{"href":"https:\/\/midjourneyprompts.fr\/pt\/wp-json\/wp\/v2\/types\/product"}],"replies":[{"embeddable":true,"href":"https:\/\/midjourneyprompts.fr\/pt\/wp-json\/wp\/v2\/comments?post=58121"}],"wp:featuredmedia":[{"embeddable":true,"href":"https:\/\/midjourneyprompts.fr\/pt\/wp-json\/wp\/v2\/media\/58241"}],"wp:attachment":[{"href":"https:\/\/midjourneyprompts.fr\/pt\/wp-json\/wp\/v2\/media?parent=58121"}],"wp:term":[{"taxonomy":"product_brand","embeddable":true,"href":"https:\/\/midjourneyprompts.fr\/pt\/wp-json\/wp\/v2\/product_brand?post=58121"},{"taxonomy":"product_cat","embeddable":true,"href":"https:\/\/midjourneyprompts.fr\/pt\/wp-json\/wp\/v2\/product_cat?post=58121"},{"taxonomy":"product_tag","embeddable":true,"href":"https:\/\/midjourneyprompts.fr\/pt\/wp-json\/wp\/v2\/product_tag?post=58121"}],"curies":[{"name":"wp","href":"https:\/\/api.w.org\/{rel}","templated":true}]}}