{"id":57728,"date":"2023-05-16T16:30:10","date_gmt":"2023-05-16T14:30:10","guid":{"rendered":"https:\/\/midjourneyprompts.fr\/?post_type=product&#038;p=57728"},"modified":"2025-10-13T11:23:56","modified_gmt":"2025-10-13T09:23:56","slug":"photos-publicitaires-realistes-de-dessert","status":"publish","type":"product","link":"https:\/\/midjourneyprompts.fr\/ru\/product\/\u0440\u0435\u0430\u043b\u0438\u0441\u0442\u0438\u0447\u043d\u044b\u0435-\u0440\u0435\u043a\u043b\u0430\u043c\u043d\u044b\u0435-\u0444\u043e\u0442\u043e\u0433\u0440\u0430\u0444\u0438\u0438-\u0434\/","title":{"rendered":"\u0420\u0435\u0430\u043b\u0438\u0441\u0442\u0438\u0447\u043d\u044b\u0435 \u0444\u043e\u0442\u043e \u0440\u0435\u043a\u043b\u0430\u043c\u044b \u0434\u0435\u0441\u0435\u0440\u0442\u0430"},"content":{"rendered":"<p>\u0412\u044b\u0434\u0435\u043b\u0438\u0442\u0435 \u0434\u0435\u0441\u0435\u0440\u0442\u044b, \u043f\u0440\u0435\u0434\u043b\u0430\u0433\u0430\u0435\u043c\u044b\u0435 \u0432\u0430\u0448\u0438\u043c \u0440\u0435\u0441\u0442\u043e\u0440\u0430\u043d\u043e\u043c \u0438\u043b\u0438 \u0431\u0430\u0440\u043e\u043c, \u0441 \u043f\u043e\u043c\u043e\u0449\u044c\u044e \u044d\u0442\u043e\u0433\u043e prompt Midjourney!<br \/>\nCe prompt Midjourney vous aidera \u00e0 g\u00e9n\u00e9rer de magnifiques images r\u00e9alistes de n&rsquo;importe quel dessert !<\/p>\n<p><strong>\u0417\u0430\u043a\u0430\u0436\u0438\u0442\u0435 \u044d\u0442\u043e\u0442 prompt \u0438 \u043f\u0440\u043e\u0442\u0435\u0441\u0442\u0438\u0440\u0443\u0439\u0442\u0435 \u0435\u0433\u043e \u043f\u0440\u044f\u043c\u043e \u0441\u0435\u0439\u0447\u0430\u0441!<\/strong><\/p>","protected":false},"excerpt":{"rendered":"<p><strong><img decoding=\"async\" class=\"alignnone wp-image-53714\" style=\"margin-bottom: -3px !important;\" src=\"http:\/\/midjourneyprompts.spaceprojets.fr\/wp-content\/uploads\/2023\/02\/Icone-prompts.png\" alt=\"\" width=\"17\" height=\"17\" \/>\u00a0 \u00a01 1\u0422\u041f5\u0422<\/strong><\/p>\n<p>\u0421\u043e\u0437\u0434\u0430\u0432\u0430\u0439\u0442\u0435 \u0443\u0434\u0438\u0432\u0438\u0442\u0435\u043b\u044c\u043d\u044b\u0435 \u0440\u0435\u0430\u043b\u0438\u0441\u0442\u0438\u0447\u043d\u044b\u0435 \u0444\u043e\u0442\u043e\u0433\u0440\u0430\u0444\u0438\u0438 \u0435\u0434\u044b, \u0447\u0442\u043e\u0431\u044b \u043f\u0440\u043e\u0434\u0435\u043c\u043e\u043d\u0441\u0442\u0440\u0438\u0440\u043e\u0432\u0430\u0442\u044c \u0441\u0432\u043e\u0439 \u0438\u043d\u0442\u0435\u0440\u043d\u0435\u0442-\u0440\u0435\u0441\u0442\u043e\u0440\u0430\u043d \u0438\u043b\u0438 \u043f\u0440\u0438\u043b\u043e\u0436\u0435\u043d\u0438\u0435 \u0434\u043b\u044f \u0434\u043e\u0441\u0442\u0430\u0432\u043a\u0438 \u0435\u0434\u044b!<\/p>","protected":false},"featured_media":57729,"comment_status":"open","ping_status":"closed","template":"","meta":{"_et_pb_use_builder":"","_et_pb_old_content":"","_et_gb_content_width":""},"product_cat":[40,30,37,33],"product_tag":[],"class_list":["post-57728","product","type-product","status-publish","has-post-thumbnail","hentry","product_cat-gratuit","product_cat-online","product_cat-photos","product_cat-prompt-unique"],"acf":[],"_links":{"self":[{"href":"https:\/\/midjourneyprompts.fr\/ru\/wp-json\/wp\/v2\/product\/57728","targetHints":{"allow":["GET"]}}],"collection":[{"href":"https:\/\/midjourneyprompts.fr\/ru\/wp-json\/wp\/v2\/product"}],"about":[{"href":"https:\/\/midjourneyprompts.fr\/ru\/wp-json\/wp\/v2\/types\/product"}],"replies":[{"embeddable":true,"href":"https:\/\/midjourneyprompts.fr\/ru\/wp-json\/wp\/v2\/comments?post=57728"}],"wp:featuredmedia":[{"embeddable":true,"href":"https:\/\/midjourneyprompts.fr\/ru\/wp-json\/wp\/v2\/media\/57729"}],"wp:attachment":[{"href":"https:\/\/midjourneyprompts.fr\/ru\/wp-json\/wp\/v2\/media?parent=57728"}],"wp:term":[{"taxonomy":"product_cat","embeddable":true,"href":"https:\/\/midjourneyprompts.fr\/ru\/wp-json\/wp\/v2\/product_cat?post=57728"},{"taxonomy":"product_tag","embeddable":true,"href":"https:\/\/midjourneyprompts.fr\/ru\/wp-json\/wp\/v2\/product_tag?post=57728"}],"curies":[{"name":"wp","href":"https:\/\/api.w.org\/{rel}","templated":true}]}}