{"id":55710,"date":"2023-04-14T16:19:15","date_gmt":"2023-04-14T14:19:15","guid":{"rendered":"https:\/\/midjourneyprompts.fr\/?post_type=product&#038;p=55710"},"modified":"2025-10-13T11:24:01","modified_gmt":"2025-10-13T09:24:01","slug":"80-prompts-illustrations-midjourney","status":"publish","type":"product","link":"https:\/\/midjourneyprompts.fr\/zh\/product\/80-prompts-\u56fe\u89e3-midjourney\/","title":{"rendered":"80 \u56fe Prompts \u4e3a Midjourney"},"content":{"rendered":"<p>\u901a\u8fc7 80 \u4e2a\u72ec\u7279\u7684 prompts \u96c6\u5408\uff0c\u4e13\u95e8\u4e3a\u901a\u8fc7 Midjourney \u751f\u6210\u63d2\u56fe\u800c\u8bbe\u8ba1\uff0c\u53ef\u4ee5\u8282\u7701\u6570\u5c0f\u65f6\u7684\u601d\u8003\u548c\u7814\u7a76\u65f6\u95f4\u3002\u53ea\u9700\u51e0\u5341\u6b27\u5143\uff0c\u5373\u53ef\u4eab\u53d7\u5404\u79cd\u63d2\u56fe\uff0c\u60a8\u53ef\u4ee5\u6839\u636e\u60a8\u60f3\u8981\u7684 Midjourney \u63d2\u56fe\u98ce\u683c\u8fdb\u884c\u81ea\u5b9a\u4e49\u3002<\/p>\n<p>\u6bcf\u4e2a prompt \u90fd\u9644\u5e26\u4e00\u4e2a\u56fe\u5f62\u793a\u4f8b\uff0c\u8ba9\u60a8\u5feb\u901f\u53ef\u89c6\u5316\u60a8\u53ef\u80fd\u611f\u5174\u8da3\u7684\u56fe\u5f62\u5c5e\u6027\uff0c\u5e76\u5e2e\u52a9\u60a8\u901a\u8fc7 Midjourney \u9ad8\u6548\u751f\u6210\u60a8\u7684\u7b2c\u4e00\u4e2a\u63d2\u56fe\uff01<\/p>","protected":false},"excerpt":{"rendered":"<p><strong><img decoding=\"async\" class=\"alignnone wp-image-53714\" style=\"margin-bottom: -3px !important;\" src=\"http:\/\/midjourneyprompts.spaceprojets.fr\/wp-content\/uploads\/2023\/02\/Icone-prompts.png\" alt=\"\" width=\"17\" height=\"17\" \/>\u00a0 \u00a080 prompts<\/strong><\/p>\n<p>\u4f60\u9700\u8981\u63d2\u56fe\u5417\uff1f\u63a2\u7d22 Midjourney \u7684 80 \u5e45 prompts \u63d2\u56fe\u5408\u96c6\uff01<\/p>","protected":false},"featured_media":56527,"comment_status":"open","ping_status":"closed","template":"","meta":{"_et_pb_use_builder":"off","_et_pb_old_content":"Gagnez des heures de r\u00e9flexion et de recherche gr\u00e2ce \u00e0 une collection de 80 prompts uniques et sp\u00e9cifiquement pens\u00e9s pour la g\u00e9n\u00e9ration d'images photor\u00e9alistes de portrait via Midjourney. Pour seulement quelques dizaines d'euros, b\u00e9n\u00e9ficiez d'un large panel de photographies de personnes en tout genre, que vous pourrez d\u00e9cliner \u00e0 votre guise selon le style de photo, le mod\u00e8le et l'ambiance que vous recherchez.\r\n\r\nChaque prompt est pr\u00e9sent\u00e9e au c\u00f4t\u00e9 d'un exemple graphique, pour vous permettre de visualiser rapidement les propri\u00e9t\u00e9s graphiques qui pourraient vous int\u00e9resser et vous aider \u00e0 g\u00e9n\u00e9rer efficacement vos premiers logos via Midjourney !","_et_gb_content_width":""},"product_cat":[29,38,30,41],"product_tag":[],"class_list":["post-55710","product","type-product","status-publish","has-post-thumbnail","hentry","product_cat-collection","product_cat-illustrations","product_cat-online","product_cat-premium"],"acf":[],"_links":{"self":[{"href":"https:\/\/midjourneyprompts.fr\/zh\/wp-json\/wp\/v2\/product\/55710","targetHints":{"allow":["GET"]}}],"collection":[{"href":"https:\/\/midjourneyprompts.fr\/zh\/wp-json\/wp\/v2\/product"}],"about":[{"href":"https:\/\/midjourneyprompts.fr\/zh\/wp-json\/wp\/v2\/types\/product"}],"replies":[{"embeddable":true,"href":"https:\/\/midjourneyprompts.fr\/zh\/wp-json\/wp\/v2\/comments?post=55710"}],"wp:featuredmedia":[{"embeddable":true,"href":"https:\/\/midjourneyprompts.fr\/zh\/wp-json\/wp\/v2\/media\/56527"}],"wp:attachment":[{"href":"https:\/\/midjourneyprompts.fr\/zh\/wp-json\/wp\/v2\/media?parent=55710"}],"wp:term":[{"taxonomy":"product_cat","embeddable":true,"href":"https:\/\/midjourneyprompts.fr\/zh\/wp-json\/wp\/v2\/product_cat?post=55710"},{"taxonomy":"product_tag","embeddable":true,"href":"https:\/\/midjourneyprompts.fr\/zh\/wp-json\/wp\/v2\/product_tag?post=55710"}],"curies":[{"name":"wp","href":"https:\/\/api.w.org\/{rel}","templated":true}]}}