{"id":57728,"date":"2023-05-16T16:30:10","date_gmt":"2023-05-16T14:30:10","guid":{"rendered":"https:\/\/midjourneyprompts.fr\/?post_type=product&#038;p=57728"},"modified":"2025-10-13T11:23:56","modified_gmt":"2025-10-13T09:23:56","slug":"photos-publicitaires-realistes-de-dessert","status":"publish","type":"product","link":"https:\/\/midjourneyprompts.fr\/zh\/product\/\u903c\u771f\u7684\u5e7f\u544a\u7167\u7247\u7684\u751c\u70b9-2\/","title":{"rendered":"\u903c\u771f\u7684\u751c\u70b9\u5e7f\u544a\u7167\u7247"},"content":{"rendered":"<p>\u7528\u8fd9\u6b3e prompt Midjourney \u7a81\u51fa\u60a8\u7684\u9910\u5385\u6216\u9152\u5427\u63d0\u4f9b\u7684\u751c\u70b9\uff01<br \/>\nCe prompt Midjourney vous aidera \u00e0 g\u00e9n\u00e9rer de magnifiques images r\u00e9alistes de n&rsquo;importe quel dessert !<\/p>\n<p><strong>\u7acb\u5373\u8ba2\u8d2d\u6b64 prompt \u5e76\u8fdb\u884c\u6d4b\u8bd5\uff01<\/strong><\/p>","protected":false},"excerpt":{"rendered":"<p><strong><img decoding=\"async\" class=\"alignnone wp-image-53714\" style=\"margin-bottom: -3px !important;\" src=\"http:\/\/midjourneyprompts.spaceprojets.fr\/wp-content\/uploads\/2023\/02\/Icone-prompts.png\" alt=\"\" width=\"17\" height=\"17\" \/>\u00a0 \u00a01 prompt<\/strong><\/p>\n<p>\u521b\u5efa\u60ca\u4eba\u7684\u903c\u771f\u7684\u98df\u7269\u7167\u7247\u6765\u5c55\u793a\u60a8\u7684\u4e92\u8054\u7f51\u9910\u5385\u6216\u9001\u9910\u5e94\u7528\u7a0b\u5e8f\uff01<\/p>","protected":false},"featured_media":57729,"comment_status":"open","ping_status":"closed","template":"","meta":{"_et_pb_use_builder":"","_et_pb_old_content":"","_et_gb_content_width":""},"product_cat":[40,30,37,33],"product_tag":[],"class_list":["post-57728","product","type-product","status-publish","has-post-thumbnail","hentry","product_cat-gratuit","product_cat-online","product_cat-photos","product_cat-prompt-unique"],"acf":[],"_links":{"self":[{"href":"https:\/\/midjourneyprompts.fr\/zh\/wp-json\/wp\/v2\/product\/57728","targetHints":{"allow":["GET"]}}],"collection":[{"href":"https:\/\/midjourneyprompts.fr\/zh\/wp-json\/wp\/v2\/product"}],"about":[{"href":"https:\/\/midjourneyprompts.fr\/zh\/wp-json\/wp\/v2\/types\/product"}],"replies":[{"embeddable":true,"href":"https:\/\/midjourneyprompts.fr\/zh\/wp-json\/wp\/v2\/comments?post=57728"}],"wp:featuredmedia":[{"embeddable":true,"href":"https:\/\/midjourneyprompts.fr\/zh\/wp-json\/wp\/v2\/media\/57729"}],"wp:attachment":[{"href":"https:\/\/midjourneyprompts.fr\/zh\/wp-json\/wp\/v2\/media?parent=57728"}],"wp:term":[{"taxonomy":"product_cat","embeddable":true,"href":"https:\/\/midjourneyprompts.fr\/zh\/wp-json\/wp\/v2\/product_cat?post=57728"},{"taxonomy":"product_tag","embeddable":true,"href":"https:\/\/midjourneyprompts.fr\/zh\/wp-json\/wp\/v2\/product_tag?post=57728"}],"curies":[{"name":"wp","href":"https:\/\/api.w.org\/{rel}","templated":true}]}}