{"id":57737,"date":"2023-05-16T16:40:30","date_gmt":"2023-05-16T14:40:30","guid":{"rendered":"https:\/\/midjourneyprompts.fr\/?post_type=product&#038;p=57737"},"modified":"2026-04-07T15:27:21","modified_gmt":"2026-04-07T13:27:21","slug":"illustration-de-cocktails-en-aquarelle","status":"publish","type":"product","link":"https:\/\/midjourneyprompts.fr\/zh\/product\/illustration-de-cocktails-en-aquarelle\/","title":{"rendered":"\u6c34\u5f69\u9e21\u5c3e\u9152\u56fe"},"content":{"rendered":"<p>\u7528\u8fd9\u6b3e prompt Midjourney \u7a81\u51fa\u60a8\u7684\u9910\u5385\u6216\u9152\u5427\u63d0\u4f9b\u7684\u9e21\u5c3e\u9152\uff01<br \/>\nCe prompt Midjourney vous aidera \u00e0 g\u00e9n\u00e9rer de magnifiques illustration aquarelle de n&rsquo;importe quel style de cocktail !<\/p>\n<p><strong>\u7acb\u5373\u8ba2\u8d2d\u6b64 prompt \u5e76\u8fdb\u884c\u6d4b\u8bd5\uff01<\/strong><\/p>","protected":false},"excerpt":{"rendered":"<p><strong>1 prompt<\/strong><\/p>\n<p>\u521b\u5efa\u60ca\u4eba\u7684\u9e21\u5c3e\u9152\u6c34\u5f69\u63d2\u56fe\uff0c\u4ee5\u5728\u4e92\u8054\u7f51\u4e0a\u5c55\u793a\u60a8\u7684\u9152\u5427\u6216\u9910\u5385\uff01<\/p>","protected":false},"featured_media":57744,"comment_status":"open","ping_status":"closed","template":"","meta":{"_et_pb_use_builder":"","_et_pb_old_content":"","_et_gb_content_width":""},"product_brand":[],"product_cat":[40,38,30,33],"product_tag":[],"class_list":{"0":"post-57737","1":"product","2":"type-product","3":"status-publish","4":"has-post-thumbnail","6":"product_cat-gratuit","7":"product_cat-illustrations","8":"product_cat-online","9":"product_cat-prompt-unique","11":"first","12":"instock","13":"downloadable","14":"virtual","15":"taxable","16":"purchasable","17":"product-type-simple"},"acf":[],"_links":{"self":[{"href":"https:\/\/midjourneyprompts.fr\/zh\/wp-json\/wp\/v2\/product\/57737","targetHints":{"allow":["GET"]}}],"collection":[{"href":"https:\/\/midjourneyprompts.fr\/zh\/wp-json\/wp\/v2\/product"}],"about":[{"href":"https:\/\/midjourneyprompts.fr\/zh\/wp-json\/wp\/v2\/types\/product"}],"replies":[{"embeddable":true,"href":"https:\/\/midjourneyprompts.fr\/zh\/wp-json\/wp\/v2\/comments?post=57737"}],"wp:featuredmedia":[{"embeddable":true,"href":"https:\/\/midjourneyprompts.fr\/zh\/wp-json\/wp\/v2\/media\/57744"}],"wp:attachment":[{"href":"https:\/\/midjourneyprompts.fr\/zh\/wp-json\/wp\/v2\/media?parent=57737"}],"wp:term":[{"taxonomy":"product_brand","embeddable":true,"href":"https:\/\/midjourneyprompts.fr\/zh\/wp-json\/wp\/v2\/product_brand?post=57737"},{"taxonomy":"product_cat","embeddable":true,"href":"https:\/\/midjourneyprompts.fr\/zh\/wp-json\/wp\/v2\/product_cat?post=57737"},{"taxonomy":"product_tag","embeddable":true,"href":"https:\/\/midjourneyprompts.fr\/zh\/wp-json\/wp\/v2\/product_tag?post=57737"}],"curies":[{"name":"wp","href":"https:\/\/api.w.org\/{rel}","templated":true}]}}