{"id":57991,"date":"2023-05-21T20:16:33","date_gmt":"2023-05-21T18:16:33","guid":{"rendered":"https:\/\/midjourneyprompts.fr\/?post_type=product&#038;p=57991"},"modified":"2026-04-07T15:25:30","modified_gmt":"2026-04-07T13:25:30","slug":"80-prompts-de-nourriture-pour-midjourney","status":"publish","type":"product","link":"https:\/\/midjourneyprompts.fr\/zh\/product\/80-prompts-de-nourriture-pour-midjourney\/","title":{"rendered":"Midjourney \u7684 80 Prompts \u98df\u7269"},"content":{"rendered":"<p>Gagnez des heures de r\u00e9flexion et de recherche gr\u00e2ce \u00e0 une collection de 80 prompts uniques et sp\u00e9cifiquement pens\u00e9s pour la g\u00e9n\u00e9ration d&rsquo;images de nourritures et de plats avec Midjourney. Pour seulement quelques dizaines d&rsquo;euros, b\u00e9n\u00e9ficiez d&rsquo;un large panel de prompts au rendu photor\u00e9aliste la mise en avant de votre restaurant ou de vos plats sur les applications de livraison de nourriture !<\/p>\n<p>\u6bcf\u4e2a prompt \u65c1\u8fb9\u90fd\u6709\u4e00\u4e2a\u56fe\u5f62\u793a\u4f8b\uff0c\u8ba9\u60a8\u5feb\u901f\u53ef\u89c6\u5316\u60a8\u53ef\u80fd\u611f\u5174\u8da3\u7684\u56fe\u5f62\u5c5e\u6027\uff0c\u5e76\u5e2e\u52a9\u60a8\u901a\u8fc7 Midjourney \u9ad8\u6548\u751f\u6210\u60a8\u7684\u7b2c\u4e00\u4e2a\u7167\u7247\u6a21\u578b\uff01<\/p>","protected":false},"excerpt":{"rendered":"<p><strong>80 prompts<\/strong><\/p>\n<p>\u60a8\u662f\u5426\u9700\u8981\u903c\u771f\u7684\u6e32\u67d3\u6765\u751f\u6210\u98df\u7269\u56fe\u50cf\uff1f\u53d1\u73b0\u8fd9\u4e2a\u4ee4\u4eba\u96be\u4ee5\u7f6e\u4fe1\u7684 80 prompts \u7cfb\u5217\uff01<\/p>","protected":false},"featured_media":58112,"comment_status":"open","ping_status":"closed","template":"","meta":{"_et_pb_use_builder":"","_et_pb_old_content":"","_et_gb_content_width":""},"product_brand":[],"product_cat":[29,30,37,41],"product_tag":[],"class_list":{"0":"post-57991","1":"product","2":"type-product","3":"status-publish","4":"has-post-thumbnail","6":"product_cat-collection","7":"product_cat-online","8":"product_cat-photos","9":"product_cat-premium","11":"first","12":"instock","13":"sale","14":"taxable","15":"shipping-taxable","16":"purchasable","17":"product-type-simple"},"acf":[],"_links":{"self":[{"href":"https:\/\/midjourneyprompts.fr\/zh\/wp-json\/wp\/v2\/product\/57991","targetHints":{"allow":["GET"]}}],"collection":[{"href":"https:\/\/midjourneyprompts.fr\/zh\/wp-json\/wp\/v2\/product"}],"about":[{"href":"https:\/\/midjourneyprompts.fr\/zh\/wp-json\/wp\/v2\/types\/product"}],"replies":[{"embeddable":true,"href":"https:\/\/midjourneyprompts.fr\/zh\/wp-json\/wp\/v2\/comments?post=57991"}],"wp:featuredmedia":[{"embeddable":true,"href":"https:\/\/midjourneyprompts.fr\/zh\/wp-json\/wp\/v2\/media\/58112"}],"wp:attachment":[{"href":"https:\/\/midjourneyprompts.fr\/zh\/wp-json\/wp\/v2\/media?parent=57991"}],"wp:term":[{"taxonomy":"product_brand","embeddable":true,"href":"https:\/\/midjourneyprompts.fr\/zh\/wp-json\/wp\/v2\/product_brand?post=57991"},{"taxonomy":"product_cat","embeddable":true,"href":"https:\/\/midjourneyprompts.fr\/zh\/wp-json\/wp\/v2\/product_cat?post=57991"},{"taxonomy":"product_tag","embeddable":true,"href":"https:\/\/midjourneyprompts.fr\/zh\/wp-json\/wp\/v2\/product_tag?post=57991"}],"curies":[{"name":"wp","href":"https:\/\/api.w.org\/{rel}","templated":true}]}}